{"id":101,"date":"2024-11-08T14:46:12","date_gmt":"2024-11-08T21:46:12","guid":{"rendered":"https:\/\/hexibella.com\/?page_id=101"},"modified":"2025-01-22T13:57:34","modified_gmt":"2025-01-22T20:57:34","slug":"uber-uns","status":"publish","type":"page","link":"https:\/\/hexibella.de\/de\/uber-uns\/","title":{"rendered":"\u00dcber uns"},"content":{"rendered":"<p><strong>Hexibella: Wo Sch\u00f6nheit und Mode sich vereinen<\/strong><\/p>\n\n\n\n<p>Willkommen bei Hexibella, dem ultimativen Ort, an dem Mode und Sch\u00f6nheit auf Innovation treffen. Wir sind eine leidenschaftliche und zukunftsorientierte Marke, die es sich zur Aufgabe gemacht hat, Menschen zu bef\u00e4higen, sich selbstbewusst, strahlend und unverf\u00e4lscht zu f\u00fchlen. Wir bei Hexibella glauben, dass Sch\u00f6nheit und Mode mehr sind als nur \u00c4sthetik - es geht um Selbstdarstellung, Selbstliebe und das Zelebrieren Ihres einzigartigen Wesens.<\/p>\n\n\n\n<p><strong>Unser Auftrag<\/strong><\/p>\n\n\n\n<p>Wir bei Hexibella haben es uns zur Aufgabe gemacht, au\u00dfergew\u00f6hnliche Mode- und Sch\u00f6nheitsprodukte anzubieten, mit denen Sie sich selbstbewusst ausdr\u00fccken k\u00f6nnen. Wir sind bestrebt, qualitativ hochwertige, umfassende und innovative L\u00f6sungen anzubieten. Wir stellen uns eine Welt vor, in der Sch\u00f6nheit und Mode m\u00e4chtige Werkzeuge f\u00fcr Selbstf\u00fcrsorge, Kreativit\u00e4t und Selbstverherrlichung sind.<\/p>\n\n\n\n<p><strong>Warum Hexibella w\u00e4hlen?<\/strong><\/p>\n\n\n\n<ul class=\"wp-block-list\">\n<li><strong>Qualit\u00e4t, der Sie vertrauen k\u00f6nnen:<\/strong> Unsere Mode- und Sch\u00f6nheitsprodukte werden streng nach den h\u00f6chsten Standards hergestellt und getestet, damit Sie sich immer gut f\u00fchlen.<\/li>\n\n\n\n<li><strong>Inklusivit\u00e4t im Herzen:<\/strong> Wir zelebrieren die Vielfalt mit einer gro\u00dfen Auswahl an Stilen, Farbt\u00f6nen und Gr\u00f6\u00dfen, denn jeder hat es verdient, sich sch\u00f6n und modisch zu f\u00fchlen.<\/li>\n\n\n\n<li><strong>Innovation:<\/strong> Unsere Produkte werden nach den neuesten Erkenntnissen der Mode- und Sch\u00f6nheitsbranche entwickelt, damit Sie den Trends immer einen Schritt voraus sind.<\/li>\n<\/ul>\n\n\n\n<p><strong>Werden Sie Mitglied der Hexibella Familie<\/strong><\/p>\n\n\n\n<p>Treten Sie ein in eine Community, die Individualit\u00e4t und Ausstrahlung zelebriert. Ganz gleich, ob Sie auf der Suche nach dem perfekten Outfit, dem idealen Kosmetikprodukt oder einfach nur nach Inspiration sind, Hexibella ist hier, um Sie auf Ihrer Reise durch Sch\u00f6nheit und Mode zu unterst\u00fctzen. Lassen Sie uns gemeinsam Stil und Selbstf\u00fcrsorge neu definieren.<\/p>\n\n\n\n<p><strong>Entdecken Sie Ihr Strahlen. Umarmen Sie Ihren Stil. Willkommen bei Hexibella.<\/strong><\/p>\n\n\n\n<p><strong>KONTAKT US<\/strong><\/p>\n\n\n\n<p><strong>Business Name<\/strong>: Hexibella<\/p>\n\n\n\n<p><strong>Telefon Nummer<\/strong>: +1 (213)-477-3615<\/p>\n\n\n\n<p><strong>E-Mail<\/strong>: support@hexibella.com<\/p>\n\n\n\n<p><strong>Adresse<\/strong>: 10250 Santa Monica Blvd, Los Angeles, CA 90067, Vereinigte Staaten<\/p>\n\n\n\n<p><strong>Betriebszeiten<\/strong>: 9am EST - 5pm EST (Montag-Freitag)<\/p>","protected":false},"excerpt":{"rendered":"<p>Hexibella: Where Beauty and Fashion Unite Welcome to Hexibella, the ultimate destination where fashion and beauty meet innovation. We are a passionate and forward-thinking brand dedicated to empowering individuals to feel confident, radiant, and unapologetically themselves. At Hexibella, we believe beauty and fashion go beyond aesthetics\u2014they&#8217;re about self-expression, self-love, and celebrating your unique essence. Our [&hellip;]<\/p>\n","protected":false},"author":1,"featured_media":0,"parent":0,"menu_order":21,"comment_status":"closed","ping_status":"closed","template":"","meta":{"_acf_changed":false,"bwfblock_default_font":"","_uag_custom_page_level_css":"","footnotes":""},"class_list":["post-101","page","type-page","status-publish","hentry"],"blocksy_meta":[],"acf":[],"uagb_featured_image_src":{"full":false,"thumbnail":false,"medium":false,"medium_large":false,"large":false,"1536x1536":false,"2048x2048":false,"trp-custom-language-flag":false,"woocommerce_archive_thumbnail":false,"woocommerce_thumbnail":false,"woocommerce_single":false,"woocommerce_gallery_thumbnail":false},"uagb_author_info":{"display_name":"admin","author_link":"https:\/\/hexibella.de\/de\/author\/admin_v6jhkhci\/"},"uagb_comment_info":0,"uagb_excerpt":"Hexibella: Where Beauty and Fashion Unite Welcome to Hexibella, the ultimate destination where fashion and beauty meet innovation. We are a passionate and forward-thinking brand dedicated to empowering individuals to feel confident, radiant, and unapologetically themselves. At Hexibella, we believe beauty and fashion go beyond aesthetics\u2014they&#8217;re about self-expression, self-love, and celebrating your unique essence. Our&hellip;","_links":{"self":[{"href":"https:\/\/hexibella.de\/de\/wp-json\/wp\/v2\/pages\/101","targetHints":{"allow":["GET"]}}],"collection":[{"href":"https:\/\/hexibella.de\/de\/wp-json\/wp\/v2\/pages"}],"about":[{"href":"https:\/\/hexibella.de\/de\/wp-json\/wp\/v2\/types\/page"}],"author":[{"embeddable":true,"href":"https:\/\/hexibella.de\/de\/wp-json\/wp\/v2\/users\/1"}],"replies":[{"embeddable":true,"href":"https:\/\/hexibella.de\/de\/wp-json\/wp\/v2\/comments?post=101"}],"version-history":[{"count":0,"href":"https:\/\/hexibella.de\/de\/wp-json\/wp\/v2\/pages\/101\/revisions"}],"wp:attachment":[{"href":"https:\/\/hexibella.de\/de\/wp-json\/wp\/v2\/media?parent=101"}],"curies":[{"name":"wp","href":"https:\/\/api.w.org\/{rel}","templated":true}]}}