{"id":106,"date":"2024-11-08T15:46:10","date_gmt":"2024-11-08T22:46:10","guid":{"rendered":"https:\/\/hexibella.com\/?page_id=106"},"modified":"2025-01-21T23:30:51","modified_gmt":"2025-01-22T06:30:51","slug":"zahlungspolitik","status":"publish","type":"page","link":"https:\/\/hexibella.de\/de\/zahlungspolitik\/","title":{"rendered":"Zahlungspolitik"},"content":{"rendered":"<p>Unser Ziel bei Hexibella ist es, Ihnen ein nahtloses und sicheres Einkaufserlebnis zu bieten. Um den Komfort f\u00fcr alle Kunden zu gew\u00e4hrleisten, akzeptieren wir die folgenden Zahlungsmethoden:<\/p>\n\n\n\n<p><strong>Kredit- &amp; Debitkarte<\/strong>: Wir akzeptieren alle g\u00e4ngigen Kredit- und Debitkarten, einschlie\u00dflich Visa, Mastercard, American Express, Discover, Diner's Club, Cartes Bancaires, JCB, ELO und Union Pay. Alle Transaktionen sind sicher und verschl\u00fcsselt.<\/p>\n\n\n\n<p><strong>Bank\u00fcberweisung\/Lastschriftverfahren<\/strong>: Wir akzeptieren auch die folgenden Zahlungsarten: SEPA-Lastschrift, EPS, Bancontact und IDEAL.&nbsp;<\/p>\n\n\n\n<p><strong>Geldb\u00f6rsen<\/strong>: Bezahlen Sie mit g\u00e4ngigen E-Wallets wie Apple Pay, Google Pay und PayPal.<\/p>\n\n\n\n<p>Alle Zahlungstransaktionen werden \u00fcber sichere und vertrauensw\u00fcrdige Gateways abgewickelt. Wir speichern Ihre Zahlungsinformationen nicht auf unseren Servern. Die Transaktionen werden durch eine dem Industriestandard entsprechende Verschl\u00fcsselung gesch\u00fctzt, um die Sicherheit Ihrer Daten zu gew\u00e4hrleisten. Sobald Ihre Zahlung erfolgreich abgewickelt wurde, erhalten Sie eine Auftragsbest\u00e4tigung per E-Mail mit den Einzelheiten Ihres Einkaufs.<\/p>\n\n\n\n<p>Wenn Sie Fragen, Kommentare oder Bedenken haben, wenden Sie sich bitte an uns:<\/p>\n\n\n\n<p><strong>Business Name<\/strong>: Hexibella<\/p>\n\n\n\n<p><strong>Telefon Nummer<\/strong>: +1 (213)-477-3615<\/p>\n\n\n\n<p><strong>E-Mail<\/strong>: support@hexibella.com<\/p>\n\n\n\n<p><strong>Adresse<\/strong>: 10250 Santa Monica Blvd, Los Angeles, CA 90067, Vereinigte Staaten<\/p>\n\n\n\n<p><strong>Betriebszeiten<\/strong>: 9am EST - 5pm EST (Montag-Freitag)<\/p>","protected":false},"excerpt":{"rendered":"<p>At Hexibella, our goal is to provide a seamless and secure shopping experience. To ensure convenience for all customers, we accept the following payment methods: Credit &amp; Debit Card: We accept all major debit &amp; credit cards including Visa, Mastercard, American Express, Discover, Diner\u2019s Club, Cartes Bancaires, JCB, ELO, &amp; Union Pay. All Transactions are [&hellip;]<\/p>\n","protected":false},"author":1,"featured_media":0,"parent":0,"menu_order":2,"comment_status":"closed","ping_status":"closed","template":"","meta":{"_acf_changed":false,"bwfblock_default_font":"","_uag_custom_page_level_css":"","footnotes":""},"class_list":["post-106","page","type-page","status-publish","hentry"],"blocksy_meta":[],"acf":[],"uagb_featured_image_src":{"full":false,"thumbnail":false,"medium":false,"medium_large":false,"large":false,"1536x1536":false,"2048x2048":false,"trp-custom-language-flag":false,"woocommerce_archive_thumbnail":false,"woocommerce_thumbnail":false,"woocommerce_single":false,"woocommerce_gallery_thumbnail":false},"uagb_author_info":{"display_name":"admin","author_link":"https:\/\/hexibella.de\/de\/author\/admin_v6jhkhci\/"},"uagb_comment_info":0,"uagb_excerpt":"At Hexibella, our goal is to provide a seamless and secure shopping experience. To ensure convenience for all customers, we accept the following payment methods: Credit &amp; Debit Card: We accept all major debit &amp; credit cards including Visa, Mastercard, American Express, Discover, Diner\u2019s Club, Cartes Bancaires, JCB, ELO, &amp; Union Pay. All Transactions are&hellip;","_links":{"self":[{"href":"https:\/\/hexibella.de\/de\/wp-json\/wp\/v2\/pages\/106","targetHints":{"allow":["GET"]}}],"collection":[{"href":"https:\/\/hexibella.de\/de\/wp-json\/wp\/v2\/pages"}],"about":[{"href":"https:\/\/hexibella.de\/de\/wp-json\/wp\/v2\/types\/page"}],"author":[{"embeddable":true,"href":"https:\/\/hexibella.de\/de\/wp-json\/wp\/v2\/users\/1"}],"replies":[{"embeddable":true,"href":"https:\/\/hexibella.de\/de\/wp-json\/wp\/v2\/comments?post=106"}],"version-history":[{"count":0,"href":"https:\/\/hexibella.de\/de\/wp-json\/wp\/v2\/pages\/106\/revisions"}],"wp:attachment":[{"href":"https:\/\/hexibella.de\/de\/wp-json\/wp\/v2\/media?parent=106"}],"curies":[{"name":"wp","href":"https:\/\/api.w.org\/{rel}","templated":true}]}}