{"id":101,"date":"2024-11-08T14:46:12","date_gmt":"2024-11-08T21:46:12","guid":{"rendered":"https:\/\/hexibella.com\/?page_id=101"},"modified":"2025-01-22T13:57:34","modified_gmt":"2025-01-22T20:57:34","slug":"acerca-de-nosotros","status":"publish","type":"page","link":"https:\/\/hexibella.de\/es\/acerca-de-nosotros\/","title":{"rendered":"Sobre nosotros"},"content":{"rendered":"<p><strong>Hexibella: Donde la belleza y la moda se unen<\/strong><\/p>\n\n\n\n<p>Bienvenido a Hexibella, el destino definitivo donde la moda y la belleza se encuentran con la innovaci\u00f3n. Somos una marca apasionada y con visi\u00f3n de futuro dedicada a ayudar a las personas a sentirse seguras de s\u00ed mismas, radiantes y sin complejos. En Hexibella, creemos que la belleza y la moda van m\u00e1s all\u00e1 de la est\u00e9tica: se trata de la autoexpresi\u00f3n, el amor propio y la celebraci\u00f3n de tu esencia \u00fanica.<\/p>\n\n\n\n<p><strong>Nuestra misi\u00f3n<\/strong><\/p>\n\n\n\n<p>En Hexibella, nuestra misi\u00f3n es ofrecer productos de moda y belleza excepcionales que te permitan expresarte con confianza. Nos comprometemos a ofrecer soluciones innovadoras, inclusivas y de alta calidad. Imaginamos un mundo en el que la belleza y la moda sean herramientas poderosas para el autocuidado, la creatividad y la autocelebraci\u00f3n.<\/p>\n\n\n\n<p><strong>\u00bfPor qu\u00e9 elegir Hexibella?<\/strong><\/p>\n\n\n\n<ul class=\"wp-block-list\">\n<li><strong>Calidad de confianza:<\/strong> Nuestros productos de moda y belleza se elaboran y prueban rigurosamente para cumplir las normas m\u00e1s estrictas y garantizar que siempre te sientas lo mejor posible.<\/li>\n\n\n\n<li><strong>Inclusividad en el coraz\u00f3n:<\/strong> Celebramos la diversidad con una amplia gama de estilos, tonos y tallas, porque todo el mundo merece sentirse guapo y a la moda.<\/li>\n\n\n\n<li><strong>Innovaci\u00f3n:<\/strong> Nuestros productos se dise\u00f1an utilizando los \u00faltimos avances en moda y belleza, para que siempre vayas por delante de las tendencias.<\/li>\n<\/ul>\n\n\n\n<p><strong>\u00danase a la familia Hexibella<\/strong><\/p>\n\n\n\n<p>Entra en una comunidad que celebra la individualidad y la luminosidad. Tanto si buscas el conjunto perfecto, el producto cosm\u00e9tico ideal o simplemente inspiraci\u00f3n, Hexibella est\u00e1 aqu\u00ed para apoyarte en tu viaje por la belleza y la moda. Redefinamos juntas el estilo y el cuidado personal.<\/p>\n\n\n\n<p><strong>Descubre tu brillo. Abraza tu estilo. Bienvenido a Hexibella.<\/strong><\/p>\n\n\n\n<p><strong>CONT\u00c1CTENOS<\/strong><\/p>\n\n\n\n<p><strong>Nombre comercial<\/strong>: Hexibella<\/p>\n\n\n\n<p><strong>N\u00famero de tel\u00e9fono<\/strong>: +1 (213)-477-3615<\/p>\n\n\n\n<p><strong>Correo electr\u00f3nico<\/strong>: support@hexibella.com<\/p>\n\n\n\n<p><strong>Direcci\u00f3n<\/strong>: 10250 Santa Monica Blvd, Los Angeles, CA 90067, Estados Unidos<\/p>\n\n\n\n<p><strong>Horario de atenci\u00f3n al p\u00fablico<\/strong>9.00 h EST - 17.00 h EST (de lunes a viernes)<\/p>","protected":false},"excerpt":{"rendered":"<p>Hexibella: Where Beauty and Fashion Unite Welcome to Hexibella, the ultimate destination where fashion and beauty meet innovation. We are a passionate and forward-thinking brand dedicated to empowering individuals to feel confident, radiant, and unapologetically themselves. At Hexibella, we believe beauty and fashion go beyond aesthetics\u2014they&#8217;re about self-expression, self-love, and celebrating your unique essence. Our [&hellip;]<\/p>\n","protected":false},"author":1,"featured_media":0,"parent":0,"menu_order":21,"comment_status":"closed","ping_status":"closed","template":"","meta":{"_acf_changed":false,"bwfblock_default_font":"","_uag_custom_page_level_css":"","footnotes":""},"class_list":["post-101","page","type-page","status-publish","hentry"],"blocksy_meta":[],"acf":[],"uagb_featured_image_src":{"full":false,"thumbnail":false,"medium":false,"medium_large":false,"large":false,"1536x1536":false,"2048x2048":false,"trp-custom-language-flag":false,"woocommerce_archive_thumbnail":false,"woocommerce_thumbnail":false,"woocommerce_single":false,"woocommerce_gallery_thumbnail":false},"uagb_author_info":{"display_name":"admin","author_link":"https:\/\/hexibella.de\/es\/author\/admin_v6jhkhci\/"},"uagb_comment_info":0,"uagb_excerpt":"Hexibella: Where Beauty and Fashion Unite Welcome to Hexibella, the ultimate destination where fashion and beauty meet innovation. We are a passionate and forward-thinking brand dedicated to empowering individuals to feel confident, radiant, and unapologetically themselves. At Hexibella, we believe beauty and fashion go beyond aesthetics\u2014they&#8217;re about self-expression, self-love, and celebrating your unique essence. Our&hellip;","_links":{"self":[{"href":"https:\/\/hexibella.de\/es\/wp-json\/wp\/v2\/pages\/101","targetHints":{"allow":["GET"]}}],"collection":[{"href":"https:\/\/hexibella.de\/es\/wp-json\/wp\/v2\/pages"}],"about":[{"href":"https:\/\/hexibella.de\/es\/wp-json\/wp\/v2\/types\/page"}],"author":[{"embeddable":true,"href":"https:\/\/hexibella.de\/es\/wp-json\/wp\/v2\/users\/1"}],"replies":[{"embeddable":true,"href":"https:\/\/hexibella.de\/es\/wp-json\/wp\/v2\/comments?post=101"}],"version-history":[{"count":0,"href":"https:\/\/hexibella.de\/es\/wp-json\/wp\/v2\/pages\/101\/revisions"}],"wp:attachment":[{"href":"https:\/\/hexibella.de\/es\/wp-json\/wp\/v2\/media?parent=101"}],"curies":[{"name":"Gracias","href":"https:\/\/api.w.org\/{rel}","templated":true}]}}