{"id":106,"date":"2024-11-08T15:46:10","date_gmt":"2024-11-08T22:46:10","guid":{"rendered":"https:\/\/hexibella.com\/?page_id=106"},"modified":"2025-01-21T23:30:51","modified_gmt":"2025-01-22T06:30:51","slug":"politica-de-pagos","status":"publish","type":"page","link":"https:\/\/hexibella.de\/es\/politica-de-pagos\/","title":{"rendered":"Pol\u00edtica de pago"},"content":{"rendered":"<p>En Hexibella, nuestro objetivo es brindar una experiencia de compra segura y sin inconvenientes. Para garantizar la comodidad de todos los clientes, aceptamos los siguientes m\u00e9todos de pago:<\/p>\n\n\n\n<p><strong>Tarjeta de cr\u00e9dito y d\u00e9bito<\/strong>Aceptamos las principales tarjetas de d\u00e9bito y cr\u00e9dito, incluidas Visa, Mastercard, American Express, Discover, Diner&#039;s Club, Cartes Bancaires, JCB, ELO y Union Pay. Todas las transacciones son seguras y est\u00e1n encriptadas.<\/p>\n\n\n\n<p><strong>Transferencia bancaria \/ D\u00e9bito directo<\/strong>:Tambi\u00e9n aceptamos los siguientes m\u00e9todos de pago: D\u00e9bito Directo SEPA, EPS, Bancontact e IDEAL.&nbsp;<\/p>\n\n\n\n<p><strong>Carteras<\/strong>:Pague utilizando monederos electr\u00f3nicos populares como Apple Pay, Google Pay y PayPal.<\/p>\n\n\n\n<p>Todas las transacciones de pago se procesan a trav\u00e9s de pasarelas seguras y confiables. No almacenamos su informaci\u00f3n de pago en nuestros servidores. Las transacciones est\u00e1n protegidas con encriptaci\u00f3n est\u00e1ndar de la industria para garantizar la seguridad de sus datos. Una vez que su pago se procese correctamente, recibir\u00e1 un correo electr\u00f3nico de confirmaci\u00f3n de pedido con los detalles de su compra.<\/p>\n\n\n\n<p>Si tiene preguntas, comentarios o inquietudes, comun\u00edquese con nosotros a:<\/p>\n\n\n\n<p><strong>Nombre comercial<\/strong>: Hexibella<\/p>\n\n\n\n<p><strong>N\u00famero de tel\u00e9fono<\/strong>: +1 (213)-477-3615<\/p>\n\n\n\n<p><strong>Correo electr\u00f3nico<\/strong>: support@hexibella.com<\/p>\n\n\n\n<p><strong>Direcci\u00f3n<\/strong>: 10250 Santa Monica Blvd, Los Angeles, CA 90067, Estados Unidos<\/p>\n\n\n\n<p><strong>Horario de atenci\u00f3n al p\u00fablico<\/strong>9.00 h EST - 17.00 h EST (de lunes a viernes)<\/p>","protected":false},"excerpt":{"rendered":"<p>At Hexibella, our goal is to provide a seamless and secure shopping experience. To ensure convenience for all customers, we accept the following payment methods: Credit &amp; Debit Card: We accept all major debit &amp; credit cards including Visa, Mastercard, American Express, Discover, Diner\u2019s Club, Cartes Bancaires, JCB, ELO, &amp; Union Pay. All Transactions are [&hellip;]<\/p>\n","protected":false},"author":1,"featured_media":0,"parent":0,"menu_order":2,"comment_status":"closed","ping_status":"closed","template":"","meta":{"_acf_changed":false,"bwfblock_default_font":"","_uag_custom_page_level_css":"","footnotes":""},"class_list":["post-106","page","type-page","status-publish","hentry"],"blocksy_meta":[],"acf":[],"uagb_featured_image_src":{"full":false,"thumbnail":false,"medium":false,"medium_large":false,"large":false,"1536x1536":false,"2048x2048":false,"trp-custom-language-flag":false,"woocommerce_archive_thumbnail":false,"woocommerce_thumbnail":false,"woocommerce_single":false,"woocommerce_gallery_thumbnail":false},"uagb_author_info":{"display_name":"admin","author_link":"https:\/\/hexibella.de\/es\/author\/admin_v6jhkhci\/"},"uagb_comment_info":0,"uagb_excerpt":"At Hexibella, our goal is to provide a seamless and secure shopping experience. To ensure convenience for all customers, we accept the following payment methods: Credit &amp; Debit Card: We accept all major debit &amp; credit cards including Visa, Mastercard, American Express, Discover, Diner\u2019s Club, Cartes Bancaires, JCB, ELO, &amp; Union Pay. All Transactions are&hellip;","_links":{"self":[{"href":"https:\/\/hexibella.de\/es\/wp-json\/wp\/v2\/pages\/106","targetHints":{"allow":["GET"]}}],"collection":[{"href":"https:\/\/hexibella.de\/es\/wp-json\/wp\/v2\/pages"}],"about":[{"href":"https:\/\/hexibella.de\/es\/wp-json\/wp\/v2\/types\/page"}],"author":[{"embeddable":true,"href":"https:\/\/hexibella.de\/es\/wp-json\/wp\/v2\/users\/1"}],"replies":[{"embeddable":true,"href":"https:\/\/hexibella.de\/es\/wp-json\/wp\/v2\/comments?post=106"}],"version-history":[{"count":0,"href":"https:\/\/hexibella.de\/es\/wp-json\/wp\/v2\/pages\/106\/revisions"}],"wp:attachment":[{"href":"https:\/\/hexibella.de\/es\/wp-json\/wp\/v2\/media?parent=106"}],"curies":[{"name":"Gracias","href":"https:\/\/api.w.org\/{rel}","templated":true}]}}