{"id":10,"date":"2024-10-23T14:29:35","date_gmt":"2024-10-23T21:29:35","guid":{"rendered":"https:\/\/ashleetxads.org\/?page_id=10"},"modified":"2026-03-29T07:45:29","modified_gmt":"2026-03-29T11:45:29","slug":"home","status":"publish","type":"page","link":"https:\/\/hexibella.de\/fr\/?page_id=40","title":{"rendered":"Accueil"},"content":{"rendered":"<style class=\"wpcode-css-snippet\">div.hero-section.is-width-constrained {\r\n\tdisplay:none !important;\r\n}\r\n\r\ndiv.ct-container-full {\r\npadding-top:0px !important;\r\nmargin-top:0px !important;\r\n}\r\n\r\ndiv.blocksy-woo-messages-default.woocommerce-notices-wrapper{\r\n\t\tdisplay:none !important;\r\n}<\/style>\n\n\n\n<div class=\"wp-block-uagb-container uagb-block-oeq4519p alignfull uagb-is-root-container\"><div class=\"uagb-container-inner-blocks-wrap\">\n<div class=\"wp-block-uagb-info-box uagb-block-iknn4edd uagb-infobox__content-wrap  uagb-infobox-icon-above-title uagb-infobox-image-valign-top\"><div class=\"uagb-ifb-content\"><div class=\"uagb-ifb-title-wrap\"><p class=\"uagb-ifb-title-prefix\">D\u00e9bloquer les possibilit\u00e9s<\/p><h1 class=\"uagb-ifb-title\">Hexibella - Sant\u00e9 et beaut\u00e9<\/h1><\/div><p class=\"uagb-ifb-desc\">Notre monde est une toile qui permet \u00e0 vos id\u00e9es les plus folles de prendre vie. Entrez dans un monde o\u00f9 la sant\u00e9 et la beaut\u00e9 sont l'expression de soi.<\/p><\/div><\/div>\n\n\n\n<div class=\"wp-block-uagb-buttons uagb-buttons__outer-wrap uagb-btn__default-btn uagb-btn-tablet__default-btn uagb-btn-mobile__default-btn uagb-block-72njyydx\"><div class=\"uagb-buttons__wrap uagb-buttons-layout-wrap\">\n<div class=\"wp-block-uagb-buttons-child uagb-buttons__outer-wrap uagb-block-oijirkrz wp-block-button\"><div class=\"uagb-button__wrapper\"><a class=\"uagb-buttons-repeater wp-block-button__link\" aria-label=\"\" href=\"https:\/\/hexibella.com\/category\/womens-fashion\/\" rel=\"follow noopener\" target=\"_self\" role=\"button\"><div class=\"uagb-button__link\">ACHETER MAINTENANT<\/div><\/a><\/div><\/div>\n<\/div><\/div>\n<\/div><\/div>\n\n\n\n<div class=\"wp-block-uagb-info-box uagb-block-yzno4bod uagb-infobox__content-wrap  uagb-infobox-icon-above-title uagb-infobox-image-valign-top\"><div class=\"uagb-ifb-content\"><div class=\"uagb-ifb-title-wrap\"><h2 class=\"uagb-ifb-title\">Nouveaux arrivages<\/h2><\/div><p class=\"uagb-ifb-desc\">Achetez les derniers produits!<\/p><\/div><\/div>\n\n\n\n<div class=\"wp-block-uagb-container uagb-block-qt6hwea9 alignfull uagb-is-root-container\">\n<div class=\"wp-block-uagb-container uagb-block-tcm3odd7\"><div class=\"woocommerce\"><ul class=\"products columns-3\" data-products=\"type-1\">\n<li class=\"product type-product post-9861 status-publish first instock product_cat-health has-post-thumbnail sale taxable shipping-taxable purchasable product-type-simple\">\n\t<a href=\"https:\/\/hexibella.de\/fr\/produit\/jeu-de-plaques-vibrantes\/\" class=\"woocommerce-LoopProduct-link woocommerce-loop-product__link\">\n\t<span class=\"onsale\" data-shape=\"type-1\">PROMO<\/span>\n\t<img decoding=\"async\" width=\"300\" height=\"300\" src=\"https:\/\/hexibella.de\/wp-content\/uploads\/2026\/03\/vibe-016-300x300.webp\" class=\"attachment-woocommerce_thumbnail size-woocommerce_thumbnail\" alt=\"Jeu de plaques vibrantes\" srcset=\"https:\/\/hexibella.de\/wp-content\/uploads\/2026\/03\/vibe-016-300x300.webp 300w, https:\/\/hexibella.de\/wp-content\/uploads\/2026\/03\/vibe-016-150x150.webp 150w, https:\/\/hexibella.de\/wp-content\/uploads\/2026\/03\/vibe-016-768x768.webp 768w, https:\/\/hexibella.de\/wp-content\/uploads\/2026\/03\/vibe-016-12x12.webp 12w, https:\/\/hexibella.de\/wp-content\/uploads\/2026\/03\/vibe-016-800x800.webp 800w, https:\/\/hexibella.de\/wp-content\/uploads\/2026\/03\/vibe-016-80x80.webp 80w, https:\/\/hexibella.de\/wp-content\/uploads\/2026\/03\/vibe-016.webp 1000w\" sizes=\"(max-width: 300px) 100vw, 300px\" \/><h2 class=\"woocommerce-loop-product__title\">Jeu de plaques vibrantes<\/h2>\n\t<span class=\"price\"><span class=\"sale-price\"><del aria-hidden=\"true\"><span class=\"woocommerce-Price-amount amount\"><bdi><span class=\"woocommerce-Price-currencySymbol\">USD $<\/span>330<\/bdi><\/span><\/del> <span class=\"screen-reader-text\" data-no-translation=\"\" data-trp-gettext=\"\">Le prix initial \u00e9tait\u00a0: USD $330.<\/span><ins aria-hidden=\"true\"><span class=\"woocommerce-Price-amount amount\"><bdi><span class=\"woocommerce-Price-currencySymbol\">USD $<\/span>199<\/bdi><\/span><\/ins><span class=\"screen-reader-text\" data-no-translation=\"\" data-trp-gettext=\"\">Le prix actuel est\u00a0: USD $199.<\/span><\/span><\/span>\n<\/a><a href=\"\/fr\/wp-json\/wp\/v2\/pages\/10?add-to-cart=9861\" aria-describedby=\"woocommerce_loop_add_to_cart_link_describedby_9861\" data-quantity=\"1\" class=\"button product_type_simple add_to_cart_button ajax_add_to_cart\" data-product_id=\"9861\" data-product_sku=\"CJFU27359840001\" aria-label=\"Ajouter au panier\u00a0: \u201cVibration Plate Set\u201d\" rel=\"nofollow\" data-success_message=\"\u00ab\u00a0Vibration Plate Set\u00a0\u00bb a \u00e9t\u00e9 ajout\u00e9 \u00e0 votre panier\" role=\"button\" data-no-translation=\"\" data-trp-gettext=\"\" data-no-translation-aria-label=\"\" data-no-translation-data-success_message=\"\">Ajouter Au Panier<\/a>\t<span id=\"woocommerce_loop_add_to_cart_link_describedby_9861\" class=\"screen-reader-text\">\n\t\t\t<\/span>\n<\/li>\n<\/ul>\n<\/div>\n<\/div>\n<\/div>\n\n\n\n<div class=\"wp-block-uagb-container uagb-block-ycbcospq alignfull uagb-is-root-container\"><div class=\"uagb-container-inner-blocks-wrap\">\n<div class=\"wp-block-uagb-info-box uagb-block-2zwetssz uagb-infobox__content-wrap  uagb-infobox-icon-above-title uagb-infobox-image-valign-top\"><div class=\"uagb-ifb-content\"><div class=\"uagb-ifb-title-wrap\"><h2 class=\"uagb-ifb-title\">\u00c0 propos d'Hexibella<\/h2><\/div><p class=\"uagb-ifb-desc\">Chez Hexibella, notre vision est de r\u00e9imaginer la sant\u00e9 et la beaut\u00e9 comme des formes d'expression de soi en offrant des produits \u00e9tonnants qui refl\u00e8tent la personnalit\u00e9 de nos clients. Nous nous engageons \u00e0 inspirer la confiance en soi gr\u00e2ce \u00e0 des produits cosm\u00e9tiques et de sant\u00e9 audacieux.<br><br>- <strong>Hexibella PDG<\/strong><br><\/p><\/div><\/div>\n\n\n\n<div class=\"wp-block-uagb-image alignleft uagb-block-3qqlt31s wp-block-uagb-image--layout-default wp-block-uagb-image--effect-static wp-block-uagb-image--align-left\"><figure class=\"wp-block-uagb-image__figure\"><img decoding=\"async\" srcset=\"https:\/\/hexibella.com\/wp-content\/uploads\/2026\/03\/medical-team-in-operating-room-performing-surgery-under-professional-lighting.-36111945-683x1024.jpg ,https:\/\/hexibella.com\/wp-content\/uploads\/2026\/03\/medical-team-in-operating-room-performing-surgery-under-professional-lighting.-36111945-scaled.jpg 780w, https:\/\/hexibella.com\/wp-content\/uploads\/2026\/03\/medical-team-in-operating-room-performing-surgery-under-professional-lighting.-36111945-scaled.jpg 360w\" sizes=\"auto, (max-width: 480px) 150px\" src=\"https:\/\/hexibella.com\/wp-content\/uploads\/2026\/03\/medical-team-in-operating-room-performing-surgery-under-professional-lighting.-36111945-683x1024.jpg\" alt=\"\u00c9quipe m\u00e9dicale en salle d&#039;op\u00e9ration pratiquant une intervention chirurgicale sous un \u00e9clairage professionnel.\" class=\"uag-image-9947\" width=\"564\" height=\"450\" title=\"Photo par Alexander Mass\" loading=\"lazy\" role=\"img\"\/><\/figure><\/div>\n<\/div><\/div>\n\n\n\n<div class=\"wp-block-uagb-container uagb-block-g5yyuncp alignfull uagb-is-root-container\"><div class=\"uagb-container-inner-blocks-wrap\">\n<div class=\"wp-block-uagb-info-box uagb-block-txndopju uagb-infobox__content-wrap  uagb-infobox-icon-above-title uagb-infobox-image-valign-top\"><div class=\"uagb-ifb-content\"><div class=\"uagb-ifb-title-wrap\"><p class=\"uagb-ifb-title-prefix\">Restez en contact avec nous<\/p><h2 class=\"uagb-ifb-title\">Cr\u00e9ons ensemble<\/h2><\/div><p class=\"uagb-ifb-desc\">Prenez contact avec nous pour d\u00e9couvrir comment nous pouvons faire de votre vision une r\u00e9alit\u00e9.<\/p><\/div><\/div>\n\n\n\n<div class=\"wp-block-uagb-buttons uagb-buttons__outer-wrap uagb-btn__default-btn uagb-btn-tablet__default-btn uagb-btn-mobile__default-btn uagb-block-bpuwmdkh\"><div class=\"uagb-buttons__wrap uagb-buttons-layout-wrap\">\n<div class=\"wp-block-uagb-buttons-child uagb-buttons__outer-wrap uagb-block-0ij9cu6z wp-block-button\"><div class=\"uagb-button__wrapper\"><a class=\"uagb-buttons-repeater wp-block-button__link\" aria-label=\"\" href=\"https:\/\/hexibella.com\/contact-us\/\" rel=\"follow noopener\" target=\"_self\" role=\"button\"><div class=\"uagb-button__link\">CONTACTEZ-NOUS<\/div><\/a><\/div><\/div>\n<\/div><\/div>\n<\/div><\/div>","protected":false},"excerpt":{"rendered":"","protected":false},"author":1,"featured_media":0,"parent":0,"menu_order":15,"comment_status":"closed","ping_status":"closed","template":"","meta":{"_acf_changed":false,"bwfblock_default_font":"","_uag_custom_page_level_css":"","footnotes":""},"class_list":["post-10","page","type-page","status-publish","hentry"],"blocksy_meta":{"has_hero_section":"disabled","styles_descriptor":{"styles":{"desktop":"","tablet":"","mobile":""},"google_fonts":[],"version":6}},"acf":[],"uagb_featured_image_src":{"full":false,"thumbnail":false,"medium":false,"medium_large":false,"large":false,"1536x1536":false,"2048x2048":false,"trp-custom-language-flag":false,"woocommerce_archive_thumbnail":false,"woocommerce_thumbnail":false,"woocommerce_single":false,"woocommerce_gallery_thumbnail":false},"uagb_author_info":{"display_name":"admin","author_link":"https:\/\/hexibella.de\/fr\/author\/admin_v6jhkhci\/"},"uagb_comment_info":0,"uagb_excerpt":null,"_links":{"self":[{"href":"https:\/\/hexibella.de\/fr\/wp-json\/wp\/v2\/pages\/10","targetHints":{"allow":["GET"]}}],"collection":[{"href":"https:\/\/hexibella.de\/fr\/wp-json\/wp\/v2\/pages"}],"about":[{"href":"https:\/\/hexibella.de\/fr\/wp-json\/wp\/v2\/types\/page"}],"author":[{"embeddable":true,"href":"https:\/\/hexibella.de\/fr\/wp-json\/wp\/v2\/users\/1"}],"replies":[{"embeddable":true,"href":"https:\/\/hexibella.de\/fr\/wp-json\/wp\/v2\/comments?post=10"}],"version-history":[{"count":6,"href":"https:\/\/hexibella.de\/fr\/wp-json\/wp\/v2\/pages\/10\/revisions"}],"predecessor-version":[{"id":9953,"href":"https:\/\/hexibella.de\/fr\/wp-json\/wp\/v2\/pages\/10\/revisions\/9953"}],"wp:attachment":[{"href":"https:\/\/hexibella.de\/fr\/wp-json\/wp\/v2\/media?parent=10"}],"curies":[{"name":"wp","href":"https:\/\/api.w.org\/{rel}","templated":true}]}}