{"id":101,"date":"2024-11-08T14:46:12","date_gmt":"2024-11-08T21:46:12","guid":{"rendered":"https:\/\/hexibella.com\/?page_id=101"},"modified":"2025-01-22T13:57:34","modified_gmt":"2025-01-22T20:57:34","slug":"a-propos-de-nous","status":"publish","type":"page","link":"https:\/\/hexibella.de\/fr\/a-propos-de-nous\/","title":{"rendered":"\u00c0 propos de nous"},"content":{"rendered":"<p><strong>Hexibella : L'union de la beaut\u00e9 et de la mode<\/strong><\/p>\n\n\n\n<p>Bienvenue chez Hexibella, la destination ultime o\u00f9 la mode et la beaut\u00e9 rencontrent l'innovation. Nous sommes une marque passionn\u00e9e et avant-gardiste dont la mission est de permettre aux individus de se sentir confiants, rayonnants et authentiquement eux-m\u00eames. Chez Hexibella, nous pensons que la beaut\u00e9 et la mode vont au-del\u00e0 de l'esth\u00e9tique - il s'agit d'expression personnelle, d'amour de soi et de c\u00e9l\u00e9bration de votre essence unique.<\/p>\n\n\n\n<p><strong>Notre mission<\/strong><\/p>\n\n\n\n<p>Chez Hexibella, notre mission est de fournir des produits de mode et de beaut\u00e9 exceptionnels qui vous permettent de vous exprimer en toute confiance. Nous nous engageons \u00e0 offrir des solutions de haute qualit\u00e9, inclusives et innovantes. Nous imaginons un monde o\u00f9 la beaut\u00e9 et la mode sont des outils puissants pour le soin de soi, la cr\u00e9ativit\u00e9 et la c\u00e9l\u00e9bration de soi.<\/p>\n\n\n\n<p><strong>Pourquoi choisir Hexibella ?<\/strong><\/p>\n\n\n\n<ul class=\"wp-block-list\">\n<li><strong>Une qualit\u00e9 \u00e0 laquelle vous pouvez faire confiance :<\/strong> Nos produits de mode et de beaut\u00e9 sont rigoureusement con\u00e7us et test\u00e9s pour r\u00e9pondre aux normes les plus strictes, afin que vous vous sentiez toujours au mieux de votre forme.<\/li>\n\n\n\n<li><strong>L'inclusivit\u00e9 au c\u0153ur de l'action :<\/strong> Nous c\u00e9l\u00e9brons la diversit\u00e9 en proposant un large \u00e9ventail de styles, de nuances et de tailles, car tout le monde m\u00e9rite de se sentir beau et \u00e0 la mode.<\/li>\n\n\n\n<li><strong>L'innovation :<\/strong> Nos produits sont con\u00e7us \u00e0 partir des derni\u00e8res avanc\u00e9es en mati\u00e8re de mode et de beaut\u00e9, ce qui vous permet de toujours rester \u00e0 la pointe des tendances.<\/li>\n<\/ul>\n\n\n\n<p><strong>Rejoindre la famille Hexibella<\/strong><\/p>\n\n\n\n<p>Entrez dans une communaut\u00e9 qui c\u00e9l\u00e8bre l'individualit\u00e9 et l'\u00e9clat. Que vous soyez \u00e0 la recherche de la tenue parfaite, du produit cosm\u00e9tique id\u00e9al ou simplement de l'inspiration, Hexibella est l\u00e0 pour vous soutenir dans votre parcours de beaut\u00e9 et de mode. Red\u00e9finissons ensemble le style et le soin de soi.<\/p>\n\n\n\n<p><strong>D\u00e9couvrez votre \u00e9clat. Adoptez votre style. Bienvenue chez Hexibella.<\/strong><\/p>\n\n\n\n<p><strong>CONTACTEZ-NOUS<\/strong><\/p>\n\n\n\n<p><strong>Nom de l'entreprise<\/strong>: Hexibella<\/p>\n\n\n\n<p><strong>Num\u00e9ro de t\u00e9l\u00e9phone<\/strong>: +1 (213)-477-3615<\/p>\n\n\n\n<p><strong>Courriel<\/strong>: support@hexibella.com<\/p>\n\n\n\n<p><strong>Adresse<\/strong>: 10250 Santa Monica Blvd, Los Angeles, CA 90067, \u00c9tats-Unis<\/p>\n\n\n\n<p><strong>Heures d'ouverture<\/strong>Horaires de travail : 9am EST - 5pm EST (lundi-vendredi)<\/p>","protected":false},"excerpt":{"rendered":"<p>Hexibella: Where Beauty and Fashion Unite Welcome to Hexibella, the ultimate destination where fashion and beauty meet innovation. We are a passionate and forward-thinking brand dedicated to empowering individuals to feel confident, radiant, and unapologetically themselves. At Hexibella, we believe beauty and fashion go beyond aesthetics\u2014they&#8217;re about self-expression, self-love, and celebrating your unique essence. Our [&hellip;]<\/p>\n","protected":false},"author":1,"featured_media":0,"parent":0,"menu_order":21,"comment_status":"closed","ping_status":"closed","template":"","meta":{"_acf_changed":false,"bwfblock_default_font":"","_uag_custom_page_level_css":"","footnotes":""},"class_list":["post-101","page","type-page","status-publish","hentry"],"blocksy_meta":[],"acf":[],"uagb_featured_image_src":{"full":false,"thumbnail":false,"medium":false,"medium_large":false,"large":false,"1536x1536":false,"2048x2048":false,"trp-custom-language-flag":false,"woocommerce_archive_thumbnail":false,"woocommerce_thumbnail":false,"woocommerce_single":false,"woocommerce_gallery_thumbnail":false},"uagb_author_info":{"display_name":"admin","author_link":"https:\/\/hexibella.de\/fr\/author\/admin_v6jhkhci\/"},"uagb_comment_info":0,"uagb_excerpt":"Hexibella: Where Beauty and Fashion Unite Welcome to Hexibella, the ultimate destination where fashion and beauty meet innovation. We are a passionate and forward-thinking brand dedicated to empowering individuals to feel confident, radiant, and unapologetically themselves. At Hexibella, we believe beauty and fashion go beyond aesthetics\u2014they&#8217;re about self-expression, self-love, and celebrating your unique essence. Our\u2026","_links":{"self":[{"href":"https:\/\/hexibella.de\/fr\/wp-json\/wp\/v2\/pages\/101","targetHints":{"allow":["GET"]}}],"collection":[{"href":"https:\/\/hexibella.de\/fr\/wp-json\/wp\/v2\/pages"}],"about":[{"href":"https:\/\/hexibella.de\/fr\/wp-json\/wp\/v2\/types\/page"}],"author":[{"embeddable":true,"href":"https:\/\/hexibella.de\/fr\/wp-json\/wp\/v2\/users\/1"}],"replies":[{"embeddable":true,"href":"https:\/\/hexibella.de\/fr\/wp-json\/wp\/v2\/comments?post=101"}],"version-history":[{"count":0,"href":"https:\/\/hexibella.de\/fr\/wp-json\/wp\/v2\/pages\/101\/revisions"}],"wp:attachment":[{"href":"https:\/\/hexibella.de\/fr\/wp-json\/wp\/v2\/media?parent=101"}],"curies":[{"name":"wp","href":"https:\/\/api.w.org\/{rel}","templated":true}]}}