{"id":106,"date":"2024-11-08T15:46:10","date_gmt":"2024-11-08T22:46:10","guid":{"rendered":"https:\/\/hexibella.com\/?page_id=106"},"modified":"2025-01-21T23:30:51","modified_gmt":"2025-01-22T06:30:51","slug":"politique-de-paiement","status":"publish","type":"page","link":"https:\/\/hexibella.de\/fr\/politique-de-paiement\/","title":{"rendered":"Politique de paiement"},"content":{"rendered":"<p>Chez Hexibella, notre objectif est d'offrir une exp\u00e9rience d'achat transparente et s\u00e9curis\u00e9e. Afin d'assurer la commodit\u00e9 pour tous les clients, nous acceptons les m\u00e9thodes de paiement suivantes :<\/p>\n\n\n\n<p><strong>Carte de cr\u00e9dit et de d\u00e9bit<\/strong>: Nous acceptons toutes les principales cartes de d\u00e9bit et de cr\u00e9dit, notamment Visa, Mastercard, American Express, Discover, Diner's Club, Cartes Bancaires, JCB, ELO et Union Pay. Toutes les transactions sont s\u00e9curis\u00e9es et crypt\u00e9es.<\/p>\n\n\n\n<p><strong>Virement bancaire \/ d\u00e9bit direct<\/strong>: Nous acceptons \u00e9galement les modes de paiement suivants : SEPA Direct Debit, EPS, Bancontact et IDEAL.&nbsp;<\/p>\n\n\n\n<p><strong>Portefeuilles<\/strong>: Payez en utilisant les portefeuilles \u00e9lectroniques les plus courants comme Apple Pay, Google Pay et PayPal.<\/p>\n\n\n\n<p>Toutes les transactions de paiement sont trait\u00e9es par des passerelles s\u00e9curis\u00e9es et fiables. Nous ne stockons pas vos informations de paiement sur nos serveurs. Les transactions sont prot\u00e9g\u00e9es par un syst\u00e8me de cryptage standard afin de garantir la s\u00e9curit\u00e9 de vos donn\u00e9es. Une fois votre paiement trait\u00e9 avec succ\u00e8s, vous recevrez un courriel de confirmation de commande contenant les d\u00e9tails de votre achat.<\/p>\n\n\n\n<p>Si vous avez des questions, des commentaires ou des pr\u00e9occupations, veuillez nous contacter \u00e0 l'adresse suivante<\/p>\n\n\n\n<p><strong>Nom de l'entreprise<\/strong>: Hexibella<\/p>\n\n\n\n<p><strong>Num\u00e9ro de t\u00e9l\u00e9phone<\/strong>: +1 (213)-477-3615<\/p>\n\n\n\n<p><strong>Courriel<\/strong>: support@hexibella.com<\/p>\n\n\n\n<p><strong>Adresse<\/strong>: 10250 Santa Monica Blvd, Los Angeles, CA 90067, \u00c9tats-Unis<\/p>\n\n\n\n<p><strong>Heures d'ouverture<\/strong>Horaires de travail : 9am EST - 5pm EST (lundi-vendredi)<\/p>","protected":false},"excerpt":{"rendered":"<p>At Hexibella, our goal is to provide a seamless and secure shopping experience. To ensure convenience for all customers, we accept the following payment methods: Credit &amp; Debit Card: We accept all major debit &amp; credit cards including Visa, Mastercard, American Express, Discover, Diner\u2019s Club, Cartes Bancaires, JCB, ELO, &amp; Union Pay. All Transactions are [&hellip;]<\/p>\n","protected":false},"author":1,"featured_media":0,"parent":0,"menu_order":2,"comment_status":"closed","ping_status":"closed","template":"","meta":{"_acf_changed":false,"bwfblock_default_font":"","_uag_custom_page_level_css":"","footnotes":""},"class_list":["post-106","page","type-page","status-publish","hentry"],"blocksy_meta":[],"acf":[],"uagb_featured_image_src":{"full":false,"thumbnail":false,"medium":false,"medium_large":false,"large":false,"1536x1536":false,"2048x2048":false,"trp-custom-language-flag":false,"woocommerce_archive_thumbnail":false,"woocommerce_thumbnail":false,"woocommerce_single":false,"woocommerce_gallery_thumbnail":false},"uagb_author_info":{"display_name":"admin","author_link":"https:\/\/hexibella.de\/fr\/author\/admin_v6jhkhci\/"},"uagb_comment_info":0,"uagb_excerpt":"At Hexibella, our goal is to provide a seamless and secure shopping experience. To ensure convenience for all customers, we accept the following payment methods: Credit &amp; Debit Card: We accept all major debit &amp; credit cards including Visa, Mastercard, American Express, Discover, Diner\u2019s Club, Cartes Bancaires, JCB, ELO, &amp; Union Pay. All Transactions are\u2026","_links":{"self":[{"href":"https:\/\/hexibella.de\/fr\/wp-json\/wp\/v2\/pages\/106","targetHints":{"allow":["GET"]}}],"collection":[{"href":"https:\/\/hexibella.de\/fr\/wp-json\/wp\/v2\/pages"}],"about":[{"href":"https:\/\/hexibella.de\/fr\/wp-json\/wp\/v2\/types\/page"}],"author":[{"embeddable":true,"href":"https:\/\/hexibella.de\/fr\/wp-json\/wp\/v2\/users\/1"}],"replies":[{"embeddable":true,"href":"https:\/\/hexibella.de\/fr\/wp-json\/wp\/v2\/comments?post=106"}],"version-history":[{"count":0,"href":"https:\/\/hexibella.de\/fr\/wp-json\/wp\/v2\/pages\/106\/revisions"}],"wp:attachment":[{"href":"https:\/\/hexibella.de\/fr\/wp-json\/wp\/v2\/media?parent=106"}],"curies":[{"name":"wp","href":"https:\/\/api.w.org\/{rel}","templated":true}]}}