{"id":101,"date":"2024-11-08T14:46:12","date_gmt":"2024-11-08T21:46:12","guid":{"rendered":"https:\/\/hexibella.com\/?page_id=101"},"modified":"2025-01-22T13:57:34","modified_gmt":"2025-01-22T20:57:34","slug":"chi-siamo","status":"publish","type":"page","link":"https:\/\/hexibella.de\/it\/chi-siamo\/","title":{"rendered":"Chi siamo"},"content":{"rendered":"<p><strong>Hexibella: Dove bellezza e moda si uniscono<\/strong><\/p>\n\n\n\n<p>Benvenuti a Hexibella, la destinazione definitiva dove moda e bellezza incontrano l'innovazione. Siamo un marchio appassionato e lungimirante, dedicato a far sentire le persone sicure di s\u00e9, radiose e non omologate. Noi di Hexibella crediamo che la bellezza e la moda vadano oltre l'estetica: si tratta di esprimere se stessi, amare se stessi e celebrare la propria essenza unica.<\/p>\n\n\n\n<p><strong>La nostra missione<\/strong><\/p>\n\n\n\n<p>La missione di Hexibella \u00e8 fornire prodotti di moda e di bellezza eccezionali che permettano di esprimere se stessi con sicurezza. Ci impegniamo a offrire soluzioni innovative, inclusive e di alta qualit\u00e0. Immaginiamo un mondo in cui la bellezza e la moda siano strumenti potenti per la cura di s\u00e9, la creativit\u00e0 e l'autocelebrazione.<\/p>\n\n\n\n<p><strong>Perch\u00e9 scegliere Hexibella?<\/strong><\/p>\n\n\n\n<ul class=\"wp-block-list\">\n<li><strong>Qualit\u00e0 affidabile:<\/strong> I nostri prodotti di moda e bellezza sono rigorosamente realizzati e testati per soddisfare gli standard pi\u00f9 elevati, per farvi sentire sempre al meglio.<\/li>\n\n\n\n<li><strong>L'inclusivit\u00e0 nel cuore:<\/strong> Celebriamo la diversit\u00e0 con un'ampia gamma di stili, tonalit\u00e0 e taglie, perch\u00e9 tutti meritano di sentirsi belli e alla moda.<\/li>\n\n\n\n<li><strong>Innovazione:<\/strong> I nostri prodotti sono progettati utilizzando i pi\u00f9 recenti progressi nel campo della moda e della bellezza, per garantirvi di essere sempre al passo con le tendenze.<\/li>\n<\/ul>\n\n\n\n<p><strong>Entrare nella famiglia Hexibella<\/strong><\/p>\n\n\n\n<p>Entrate in una comunit\u00e0 che celebra l'individualit\u00e0 e la luminosit\u00e0. Se siete alla ricerca dell'abito perfetto, del prodotto cosmetico ideale o semplicemente dell'ispirazione, Hexibella \u00e8 qui per sostenervi nel vostro viaggio di bellezza e di moda. Ridefiniamo insieme lo stile e la cura di s\u00e9.<\/p>\n\n\n\n<p><strong>Scoprite il vostro splendore. Abbracciate il vostro stile. Benvenuti a Hexibella.<\/strong><\/p>\n\n\n\n<p><strong>CONTATTO<\/strong><\/p>\n\n\n\n<p><strong>Nome dell'azienda<\/strong>: Esibibella<\/p>\n\n\n\n<p><strong>Numero di telefono<\/strong>: +1 (213)-477-3615<\/p>\n\n\n\n<p><strong>Email<\/strong>: support@hexibella.com<\/p>\n\n\n\n<p><strong>Indirizzo<\/strong>: 10250 Santa Monica Blvd, Los Angeles, CA 90067, Stati Uniti d'America<\/p>\n\n\n\n<p><strong>Orari di funzionamento<\/strong>9am EST - 5pm EST (luned\u00ec-venerd\u00ec)<\/p>","protected":false},"excerpt":{"rendered":"<p>Hexibella: Where Beauty and Fashion Unite Welcome to Hexibella, the ultimate destination where fashion and beauty meet innovation. We are a passionate and forward-thinking brand dedicated to empowering individuals to feel confident, radiant, and unapologetically themselves. At Hexibella, we believe beauty and fashion go beyond aesthetics\u2014they&#8217;re about self-expression, self-love, and celebrating your unique essence. Our [&hellip;]<\/p>\n","protected":false},"author":1,"featured_media":0,"parent":0,"menu_order":21,"comment_status":"closed","ping_status":"closed","template":"","meta":{"_acf_changed":false,"bwfblock_default_font":"","_uag_custom_page_level_css":"","footnotes":""},"class_list":["post-101","page","type-page","status-publish","hentry"],"blocksy_meta":[],"acf":[],"uagb_featured_image_src":{"full":false,"thumbnail":false,"medium":false,"medium_large":false,"large":false,"1536x1536":false,"2048x2048":false,"trp-custom-language-flag":false,"woocommerce_archive_thumbnail":false,"woocommerce_thumbnail":false,"woocommerce_single":false,"woocommerce_gallery_thumbnail":false},"uagb_author_info":{"display_name":"admin","author_link":"https:\/\/hexibella.de\/it\/author\/admin_v6jhkhci\/"},"uagb_comment_info":0,"uagb_excerpt":"Hexibella: Where Beauty and Fashion Unite Welcome to Hexibella, the ultimate destination where fashion and beauty meet innovation. We are a passionate and forward-thinking brand dedicated to empowering individuals to feel confident, radiant, and unapologetically themselves. At Hexibella, we believe beauty and fashion go beyond aesthetics\u2014they&#8217;re about self-expression, self-love, and celebrating your unique essence. Our&hellip;","_links":{"self":[{"href":"https:\/\/hexibella.de\/it\/wp-json\/wp\/v2\/pages\/101","targetHints":{"allow":["GET"]}}],"collection":[{"href":"https:\/\/hexibella.de\/it\/wp-json\/wp\/v2\/pages"}],"about":[{"href":"https:\/\/hexibella.de\/it\/wp-json\/wp\/v2\/types\/page"}],"author":[{"embeddable":true,"href":"https:\/\/hexibella.de\/it\/wp-json\/wp\/v2\/users\/1"}],"replies":[{"embeddable":true,"href":"https:\/\/hexibella.de\/it\/wp-json\/wp\/v2\/comments?post=101"}],"version-history":[{"count":0,"href":"https:\/\/hexibella.de\/it\/wp-json\/wp\/v2\/pages\/101\/revisions"}],"wp:attachment":[{"href":"https:\/\/hexibella.de\/it\/wp-json\/wp\/v2\/media?parent=101"}],"curies":[{"name":"wp","href":"https:\/\/api.w.org\/{rel}","templated":true}]}}