{"id":101,"date":"2024-11-08T14:46:12","date_gmt":"2024-11-08T21:46:12","guid":{"rendered":"https:\/\/hexibella.com\/?page_id=101"},"modified":"2025-01-22T13:57:34","modified_gmt":"2025-01-22T20:57:34","slug":"o-nas","status":"publish","type":"page","link":"https:\/\/hexibella.de\/pl\/o-nas\/","title":{"rendered":"O nas"},"content":{"rendered":"<p><strong>Hexibella: Gdzie pi\u0119kno i moda \u0142\u0105cz\u0105 si\u0119<\/strong><\/p>\n\n\n\n<p>Witamy w Hexibella, najlepszym miejscu, w kt\u00f3rym moda i pi\u0119kno spotykaj\u0105 si\u0119 z innowacjami. Jeste\u015bmy pe\u0142n\u0105 pasji i przysz\u0142o\u015bciowo my\u015bl\u0105c\u0105 mark\u0105, kt\u00f3rej celem jest umo\u017cliwienie jednostkom poczucia si\u0119 pewnymi siebie, promiennymi i nieprofesjonalnymi. W Hexibella wierzymy, \u017ce pi\u0119kno i moda wykraczaj\u0105 poza estetyk\u0119 - chodzi o wyra\u017canie siebie, mi\u0142o\u015b\u0107 do siebie i celebrowanie swojej wyj\u0105tkowej esencji.<\/p>\n\n\n\n<p><strong>Nasza misja<\/strong><\/p>\n\n\n\n<p>Nasz\u0105 misj\u0105 w Hexibella jest dostarczanie wyj\u0105tkowych produkt\u00f3w modowych i kosmetycznych, kt\u00f3re pozwol\u0105 Ci wyrazi\u0107 siebie z pewno\u015bci\u0105 siebie. Jeste\u015bmy zaanga\u017cowani w oferowanie wysokiej jako\u015bci, integracyjnych i innowacyjnych rozwi\u0105za\u0144. Wyobra\u017camy sobie \u015bwiat, w kt\u00f3rym pi\u0119kno i moda s\u0105 pot\u0119\u017cnymi narz\u0119dziami do dbania o siebie, kreatywno\u015bci i celebrowania siebie.<\/p>\n\n\n\n<p><strong>Dlaczego warto wybra\u0107 Hexibella?<\/strong><\/p>\n\n\n\n<ul class=\"wp-block-list\">\n<li><strong>Jako\u015b\u0107, kt\u00f3rej mo\u017cna zaufa\u0107:<\/strong> Nasze produkty modowe i kosmetyczne s\u0105 rygorystycznie tworzone i testowane, aby spe\u0142nia\u0107 najwy\u017csze standardy, dzi\u0119ki czemu zawsze czujesz si\u0119 najlepiej.<\/li>\n\n\n\n<li><strong>Inkluzywno\u015b\u0107 w sercu:<\/strong> Celebrujemy r\u00f3\u017cnorodno\u015b\u0107 dzi\u0119ki szerokiej gamie styl\u00f3w, odcieni i rozmiar\u00f3w, poniewa\u017c ka\u017cdy zas\u0142uguje na to, by czu\u0107 si\u0119 pi\u0119knie i modnie.<\/li>\n\n\n\n<li><strong>Innowacyjno\u015b\u0107:<\/strong> Nasze produkty s\u0105 projektowane z wykorzystaniem najnowszych osi\u0105gni\u0119\u0107 w dziedzinie mody i urody, dzi\u0119ki czemu zawsze wyprzedzasz trendy.<\/li>\n<\/ul>\n\n\n\n<p><strong>Do\u0142\u0105cz do rodziny Hexibella<\/strong><\/p>\n\n\n\n<p>Wejd\u017a do spo\u0142eczno\u015bci, kt\u00f3ra celebruje indywidualno\u015b\u0107 i blask. Niezale\u017cnie od tego, czy szukasz idealnego stroju, idealnego produktu kosmetycznego, czy po prostu inspiracji, Hexibella jest tutaj, aby wspiera\u0107 Ci\u0119 w Twojej podr\u00f3\u017cy po urodzie i modzie. Wsp\u00f3lnie zdefiniujmy na nowo styl i dba\u0142o\u015b\u0107 o siebie.<\/p>\n\n\n\n<p><strong>Odkryj sw\u00f3j blask. Ujarzmij sw\u00f3j styl. Witamy w Hexibella.<\/strong><\/p>\n\n\n\n<p><strong>KONTAKT<\/strong><\/p>\n\n\n\n<p><strong>Nazwa firmy<\/strong>: Hexibella<\/p>\n\n\n\n<p><strong>Numer telefonu<\/strong>: +1 (213)-477-3615<\/p>\n\n\n\n<p><strong>E-mail<\/strong>: support@hexibella.com<\/p>\n\n\n\n<p><strong>Adres<\/strong>: 10250 Santa Monica Blvd, Los Angeles, CA 90067, Stany Zjednoczone<\/p>\n\n\n\n<p><strong>Godziny pracy<\/strong>9:00 EST - 17:00 EST (od poniedzia\u0142ku do pi\u0105tku)<\/p>","protected":false},"excerpt":{"rendered":"<p>Hexibella: Where Beauty and Fashion Unite Welcome to Hexibella, the ultimate destination where fashion and beauty meet innovation. We are a passionate and forward-thinking brand dedicated to empowering individuals to feel confident, radiant, and unapologetically themselves. At Hexibella, we believe beauty and fashion go beyond aesthetics\u2014they&#8217;re about self-expression, self-love, and celebrating your unique essence. Our [&hellip;]<\/p>\n","protected":false},"author":1,"featured_media":0,"parent":0,"menu_order":21,"comment_status":"closed","ping_status":"closed","template":"","meta":{"_acf_changed":false,"bwfblock_default_font":"","_uag_custom_page_level_css":"","footnotes":""},"class_list":["post-101","page","type-page","status-publish","hentry"],"blocksy_meta":[],"acf":[],"uagb_featured_image_src":{"full":false,"thumbnail":false,"medium":false,"medium_large":false,"large":false,"1536x1536":false,"2048x2048":false,"trp-custom-language-flag":false,"woocommerce_archive_thumbnail":false,"woocommerce_thumbnail":false,"woocommerce_single":false,"woocommerce_gallery_thumbnail":false},"uagb_author_info":{"display_name":"admin","author_link":"https:\/\/hexibella.de\/pl\/author\/admin_v6jhkhci\/"},"uagb_comment_info":0,"uagb_excerpt":"Hexibella: Where Beauty and Fashion Unite Welcome to Hexibella, the ultimate destination where fashion and beauty meet innovation. We are a passionate and forward-thinking brand dedicated to empowering individuals to feel confident, radiant, and unapologetically themselves. At Hexibella, we believe beauty and fashion go beyond aesthetics\u2014they&#8217;re about self-expression, self-love, and celebrating your unique essence. Our&hellip;","_links":{"self":[{"href":"https:\/\/hexibella.de\/pl\/wp-json\/wp\/v2\/pages\/101","targetHints":{"allow":["GET"]}}],"collection":[{"href":"https:\/\/hexibella.de\/pl\/wp-json\/wp\/v2\/pages"}],"about":[{"href":"https:\/\/hexibella.de\/pl\/wp-json\/wp\/v2\/types\/page"}],"author":[{"embeddable":true,"href":"https:\/\/hexibella.de\/pl\/wp-json\/wp\/v2\/users\/1"}],"replies":[{"embeddable":true,"href":"https:\/\/hexibella.de\/pl\/wp-json\/wp\/v2\/comments?post=101"}],"version-history":[{"count":0,"href":"https:\/\/hexibella.de\/pl\/wp-json\/wp\/v2\/pages\/101\/revisions"}],"wp:attachment":[{"href":"https:\/\/hexibella.de\/pl\/wp-json\/wp\/v2\/media?parent=101"}],"curies":[{"name":"wp","href":"https:\/\/api.w.org\/{rel}","templated":true}]}}