{"id":9252,"date":"2026-02-23T03:09:00","date_gmt":"2026-02-23T08:09:00","guid":{"rendered":"https:\/\/www.hexibella.com\/product\/maggie-simple-cotton-top-with-sleeves\/"},"modified":"2026-02-24T05:12:08","modified_gmt":"2026-02-24T10:12:08","slug":"maggie","status":"publish","type":"product","link":"https:\/\/hexibella.de\/pl\/product\/maggie\/","title":{"rendered":"Maggie | Prosty bawe\u0142niany top z r\u0119kawami"},"content":{"rendered":"<div class=\"wp-block-media-text is-stacked-on-mobile has-palette-color-6-color has-black-background-color has-text-color has-background has-link-color wp-elements-109b60fd02205adc7e6c3691c31ae01e\" style=\"border-radius:5px;grid-template-columns:39% auto\"><figure class=\"wp-block-media-text__media\"><img decoding=\"async\" width=\"1000\" height=\"1000\" src=\"https:\/\/hexibella.com\/wp-content\/uploads\/2025\/06\/he78ibella.webp\" alt=\"\" class=\"wp-image-9303 size-full\" srcset=\"https:\/\/hexibella.de\/wp-content\/uploads\/2025\/06\/he78ibella.webp 1000w, https:\/\/hexibella.de\/wp-content\/uploads\/2025\/06\/he78ibella-300x300.webp 300w, https:\/\/hexibella.de\/wp-content\/uploads\/2025\/06\/he78ibella-150x150.webp 150w, https:\/\/hexibella.de\/wp-content\/uploads\/2025\/06\/he78ibella-768x768.webp 768w, https:\/\/hexibella.de\/wp-content\/uploads\/2025\/06\/he78ibella-12x12.webp 12w, https:\/\/hexibella.de\/wp-content\/uploads\/2025\/06\/he78ibella-800x800.webp 800w, https:\/\/hexibella.de\/wp-content\/uploads\/2025\/06\/he78ibella-80x80.webp 80w\" sizes=\"(max-width: 1000px) 100vw, 1000px\" \/><\/figure><div class=\"wp-block-media-text__content\">\n<h2 class=\"wp-block-heading has-palette-color-6-color has-text-color has-link-color wp-elements-5a147ed83e5f09be4707fd619a146d68\" style=\"padding-top:var(--wp--preset--spacing--20);padding-bottom:var(--wp--preset--spacing--20);font-size:clamp(18.959px, 1.185rem + ((1vw - 3.2px) * 0.863), 30px);\">Dom Mody Hexibella<\/h2>\n\n\n\n<p class=\"kt-adv-heading5101_506eac-1e wp-block-kadence-advancedheading\">Kup 2, otrzymaj dodatkowy rabat 10%<\/p>\n\n\n\n<p class=\"kt-adv-heading5101_506eac-1e wp-block-kadence-advancedheading\">Kup 3, otrzymaj dodatkowy rabat 15%<\/p>\n\n\n\n<p class=\"kt-adv-heading5101_506eac-1e wp-block-kadence-advancedheading\">Kup 4+, otrzymaj dodatkowy rabat 20%<\/p>\n\n\n\n<p class=\"kt-adv-heading5101_506eac-1e wp-block-kadence-advancedheading\"><strong>Oferta dotyczy wszystkich produkt\u00f3w z kategorii Moda damska. <\/strong>Ciesz si\u0119 szybk\u0105 darmow\u0105 wysy\u0142k\u0105, darmowymi zwrotami przez 30 dni i doskona\u0142\u0105 obs\u0142ug\u0105 klienta przy wszystkich zam\u00f3wieniach! Wszystkie nasze produkty pasuj\u0105 do rozmiaru.<\/p>\n<\/div><\/div>\n\n\n<style>.kb-image9252_1834de-04.kb-image-is-ratio-size, .kb-image9252_1834de-04 .kb-image-is-ratio-size{max-width:400px;width:100%;}.wp-block-kadence-column > .kt-inside-inner-col > .kb-image9252_1834de-04.kb-image-is-ratio-size, .wp-block-kadence-column > .kt-inside-inner-col > .kb-image9252_1834de-04 .kb-image-is-ratio-size{align-self:unset;}.kb-image9252_1834de-04 figure{max-width:400px;}.kb-image9252_1834de-04 .image-is-svg, .kb-image9252_1834de-04 .image-is-svg img{width:100%;}.kb-image9252_1834de-04 .kb-image-has-overlay:after{opacity:0.3;border-top-left-radius:20px;border-top-right-radius:20px;border-bottom-right-radius:20px;border-bottom-left-radius:20px;}.kb-image9252_1834de-04 img.kb-img, .kb-image9252_1834de-04 .kb-img img{border-top-left-radius:20px;border-top-right-radius:20px;border-bottom-right-radius:20px;border-bottom-left-radius:20px;}@media all and (max-width: 1024px){.kb-image9252_1834de-04 .kb-image-has-overlay:after{border-top-left-radius:20px;border-top-right-radius:20px;border-bottom-right-radius:20px;border-bottom-left-radius:20px;}}@media all and (max-width: 1024px){.kb-image9252_1834de-04 img.kb-img, .kb-image9252_1834de-04 .kb-img img{border-top-left-radius:20px;border-top-right-radius:20px;border-bottom-right-radius:20px;border-bottom-left-radius:20px;}}@media all and (max-width: 767px){.kb-image9252_1834de-04 .kb-image-has-overlay:after{border-top-left-radius:20px;border-top-right-radius:20px;border-bottom-right-radius:20px;border-bottom-left-radius:20px;}.kb-image9252_1834de-04 img.kb-img, .kb-image9252_1834de-04 .kb-img img{border-top-left-radius:20px;border-top-right-radius:20px;border-bottom-right-radius:20px;border-bottom-left-radius:20px;}}<\/style>\n<div class=\"wp-block-kadence-image kb-image9252_1834de-04\"><figure class=\"aligncenter size-full\"><a href=\"https:\/\/hexibella.com\/wp-content\/uploads\/2026\/02\/he77ibella.webp\" class=\"kb-advanced-image-link\"><img decoding=\"async\" width=\"1000\" height=\"1000\" src=\"https:\/\/hexibella.com\/wp-content\/uploads\/2026\/02\/he77ibella.webp\" alt=\"\" class=\"kb-img wp-image-9304\" srcset=\"https:\/\/hexibella.de\/wp-content\/uploads\/2026\/02\/he77ibella.webp 1000w, https:\/\/hexibella.de\/wp-content\/uploads\/2026\/02\/he77ibella-300x300.webp 300w, https:\/\/hexibella.de\/wp-content\/uploads\/2026\/02\/he77ibella-150x150.webp 150w, https:\/\/hexibella.de\/wp-content\/uploads\/2026\/02\/he77ibella-768x768.webp 768w, https:\/\/hexibella.de\/wp-content\/uploads\/2026\/02\/he77ibella-12x12.webp 12w, https:\/\/hexibella.de\/wp-content\/uploads\/2026\/02\/he77ibella-800x800.webp 800w, https:\/\/hexibella.de\/wp-content\/uploads\/2026\/02\/he77ibella-80x80.webp 80w\" sizes=\"(max-width: 1000px) 100vw, 1000px\" \/><\/a><\/figure><\/div>\n\n\n\n<div class=\"wp-block-columns is-layout-flex wp-container-core-columns-is-layout-28f84493 wp-block-columns-is-layout-flex\">\n<div class=\"wp-block-column has-palette-color-1-background-color has-background is-layout-flow wp-block-column-is-layout-flow\" style=\"border-radius:15px;flex-basis:100%\">\n<div class=\"wp-block-uagb-info-box uagb-block-d212a429 uagb-infobox__content-wrap  uagb-infobox-icon-above-title uagb-infobox-image-valign-top wp-block-uagb-info-box--has-margin\"><div class=\"uagb-infobox-margin-wrapper\"><div class=\"uagb-ifb-content\"><div class=\"uagb-ifb-icon-wrap\"><svg xmlns=\"https:\/\/www.w3.org\/2000\/svg\" viewbox=\"0 0 512 512\"><path d=\"M0 190.9V185.1C0 115.2 50.52 55.58 119.4 44.1C164.1 36.51 211.4 51.37 244 84.02L256 96L267.1 84.02C300.6 51.37 347 36.51 392.6 44.1C461.5 55.58 512 115.2 512 185.1V190.9C512 232.4 494.8 272.1 464.4 300.4L283.7 469.1C276.2 476.1 266.3 480 256 480C245.7 480 235.8 476.1 228.3 469.1L47.59 300.4C17.23 272.1 .0003 232.4 .0003 190.9L0 190.9z\"><\/path><\/svg><\/div><div class=\"uagb-ifb-title-wrap\"><h3 class=\"uagb-ifb-title\">Nasza gwarancja<\/h3><\/div><p class=\"uagb-ifb-desc\">Oferujemy 30-dniow\u0105 polityk\u0119 zwrot\u00f3w bez zadawania pyta\u0144, aby zapewni\u0107 Ci spok\u00f3j ducha w zwi\u0105zku z zakupem. W razie jakichkolwiek pyta\u0144 lub w\u0105tpliwo\u015bci prosimy o kontakt z dzia\u0142em obs\u0142ugi klienta pod adresem support@hexibella.com.<\/p><\/div><\/div><\/div>\n<\/div>\n<\/div>\n\n\n\n<div style=\"height:5px\" aria-hidden=\"true\" class=\"wp-block-spacer\"><\/div>\n\n\n\n<div class=\"wp-block-uagb-advanced-heading uagb-block-5c408e91\"><h2 class=\"uagb-heading-text\">Moda damska<\/h2><\/div>\n\n\n\n<div class=\"wp-block-uagb-container uagb-block-qt6hwea9 alignwide uagb-is-root-container\">\n<div class=\"wp-block-uagb-container uagb-block-tcm3odd7\"><div class=\"woocommerce columns-4\"><ul class=\"products columns-4\" data-products=\"type-1\">\n<li class=\"product type-product post-5328 status-publish first instock product_cat-womens-fashion has-post-thumbnail taxable shipping-taxable purchasable product-type-variable\">\n\t<a href=\"https:\/\/hexibella.de\/pl\/product\/damska-koszulka-z-dlugim-rekawem-isabella\/\" class=\"woocommerce-LoopProduct-link woocommerce-loop-product__link\"><img decoding=\"async\" width=\"300\" height=\"300\" src=\"https:\/\/hexibella.de\/wp-content\/uploads\/2025\/06\/1036545013871-300x300.jpg\" class=\"attachment-woocommerce_thumbnail size-woocommerce_thumbnail\" alt=\"Damska koszula z d\u0142ugim r\u0119kawem Isabella |\" srcset=\"https:\/\/hexibella.de\/wp-content\/uploads\/2025\/06\/1036545013871-300x300.jpg 300w, https:\/\/hexibella.de\/wp-content\/uploads\/2025\/06\/1036545013871-150x150.jpg 150w, https:\/\/hexibella.de\/wp-content\/uploads\/2025\/06\/1036545013871-768x768.jpg 768w, https:\/\/hexibella.de\/wp-content\/uploads\/2025\/06\/1036545013871-12x12.jpg 12w, https:\/\/hexibella.de\/wp-content\/uploads\/2025\/06\/1036545013871-80x80.jpg 80w, https:\/\/hexibella.de\/wp-content\/uploads\/2025\/06\/1036545013871.jpg 800w\" sizes=\"(max-width: 300px) 100vw, 300px\" \/><h2 class=\"woocommerce-loop-product__title\">Isabella | Damska koszula z d\u0142ugim r\u0119kawem<\/h2>\n\t<span class=\"price\"><span class=\"woocommerce-Price-amount amount\"><bdi><span class=\"woocommerce-Price-currencySymbol\">USD $<\/span>47<\/bdi><\/span><\/span>\n<\/a><a href=\"https:\/\/hexibella.de\/pl\/product\/damska-koszulka-z-dlugim-rekawem-isabella\/\" aria-describedby=\"woocommerce_loop_add_to_cart_link_describedby_5328\" data-quantity=\"1\" class=\"button product_type_variable add_to_cart_button\" data-product_id=\"5328\" data-product_sku=\"CJNSSYCS00790\" aria-label=\"Wybierz opcje dla &quot;Isabella | Women&#039;s Long-sleeve Shirt&quot;\" rel=\"nofollow\" data-no-translation=\"\" data-trp-gettext=\"\" data-no-translation-aria-label=\"\">Wybierz opcje<\/a>\t<span id=\"woocommerce_loop_add_to_cart_link_describedby_5328\" class=\"screen-reader-text\">\n\t\tTen produkt ma wiele wariant\u00f3w. Opcje mo\u017cna wybra\u0107 na stronie produktu\t<\/span>\n<\/li>\n<li class=\"product type-product post-5352 status-publish instock product_cat-womens-fashion has-post-thumbnail taxable shipping-taxable purchasable product-type-variable\">\n\t<a href=\"https:\/\/hexibella.de\/pl\/product\/leila-damska-sukienka-w-kwiaty\/\" class=\"woocommerce-LoopProduct-link woocommerce-loop-product__link\"><img decoding=\"async\" width=\"300\" height=\"300\" src=\"https:\/\/hexibella.de\/wp-content\/uploads\/2025\/06\/a98ae0e1-ba36-4264-afa0-8203f7b0290b-300x300.jpg\" class=\"attachment-woocommerce_thumbnail size-woocommerce_thumbnail\" alt=\"Kwiatowa sukienka damska Leila |\" srcset=\"https:\/\/hexibella.de\/wp-content\/uploads\/2025\/06\/a98ae0e1-ba36-4264-afa0-8203f7b0290b-300x300.jpg 300w, https:\/\/hexibella.de\/wp-content\/uploads\/2025\/06\/a98ae0e1-ba36-4264-afa0-8203f7b0290b-150x150.jpg 150w, https:\/\/hexibella.de\/wp-content\/uploads\/2025\/06\/a98ae0e1-ba36-4264-afa0-8203f7b0290b-768x768.jpg 768w, https:\/\/hexibella.de\/wp-content\/uploads\/2025\/06\/a98ae0e1-ba36-4264-afa0-8203f7b0290b-12x12.jpg 12w, https:\/\/hexibella.de\/wp-content\/uploads\/2025\/06\/a98ae0e1-ba36-4264-afa0-8203f7b0290b-80x80.jpg 80w, https:\/\/hexibella.de\/wp-content\/uploads\/2025\/06\/a98ae0e1-ba36-4264-afa0-8203f7b0290b.jpg 800w\" sizes=\"(max-width: 300px) 100vw, 300px\" \/><h2 class=\"woocommerce-loop-product__title\">Leila | Kwiatowa sukienka damska<\/h2>\n\t<span class=\"price\"><span class=\"woocommerce-Price-amount amount\"><bdi><span class=\"woocommerce-Price-currencySymbol\">USD $<\/span>53<\/bdi><\/span><\/span>\n<\/a><a href=\"https:\/\/hexibella.de\/pl\/product\/leila-damska-sukienka-w-kwiaty\/\" aria-describedby=\"woocommerce_loop_add_to_cart_link_describedby_5352\" data-quantity=\"1\" class=\"button product_type_variable add_to_cart_button\" data-product_id=\"5352\" data-product_sku=\"CJLY1790380\" aria-label=\"Wybierz opcje dla &quot;Leila | Women&#039;s Floral Dress&quot;\" rel=\"nofollow\" data-no-translation=\"\" data-trp-gettext=\"\" data-no-translation-aria-label=\"\">Wybierz opcje<\/a>\t<span id=\"woocommerce_loop_add_to_cart_link_describedby_5352\" class=\"screen-reader-text\">\n\t\tTen produkt ma wiele wariant\u00f3w. Opcje mo\u017cna wybra\u0107 na stronie produktu\t<\/span>\n<\/li>\n<li class=\"product type-product post-5372 status-publish instock product_cat-womens-fashion has-post-thumbnail taxable shipping-taxable purchasable product-type-variable\">\n\t<a href=\"https:\/\/hexibella.de\/pl\/product\/lexie-damska-szyfonowa-sukienka-w-kwiaty\/\" class=\"woocommerce-LoopProduct-link woocommerce-loop-product__link\"><img decoding=\"async\" width=\"300\" height=\"300\" src=\"https:\/\/hexibella.de\/wp-content\/uploads\/2025\/06\/1622438405270-300x300.jpg\" class=\"attachment-woocommerce_thumbnail size-woocommerce_thumbnail\" alt=\"Szyfonowa sukienka w kwiaty dla kobiet Lexie |\" srcset=\"https:\/\/hexibella.de\/wp-content\/uploads\/2025\/06\/1622438405270-300x300.jpg 300w, https:\/\/hexibella.de\/wp-content\/uploads\/2025\/06\/1622438405270-150x150.jpg 150w, https:\/\/hexibella.de\/wp-content\/uploads\/2025\/06\/1622438405270-768x768.jpg 768w, https:\/\/hexibella.de\/wp-content\/uploads\/2025\/06\/1622438405270-12x12.jpg 12w, https:\/\/hexibella.de\/wp-content\/uploads\/2025\/06\/1622438405270-80x80.jpg 80w, https:\/\/hexibella.de\/wp-content\/uploads\/2025\/06\/1622438405270.jpg 800w\" sizes=\"(max-width: 300px) 100vw, 300px\" \/><h2 class=\"woocommerce-loop-product__title\">Lexie | Szyfonowa sukienka w kwiaty dla kobiet<\/h2>\n\t<span class=\"price\"><span class=\"woocommerce-Price-amount amount\"><bdi><span class=\"woocommerce-Price-currencySymbol\">USD $<\/span>64<\/bdi><\/span><\/span>\n<\/a><a href=\"https:\/\/hexibella.de\/pl\/product\/lexie-damska-szyfonowa-sukienka-w-kwiaty\/\" aria-describedby=\"woocommerce_loop_add_to_cart_link_describedby_5372\" data-quantity=\"1\" class=\"button product_type_variable add_to_cart_button\" data-product_id=\"5372\" data-product_sku=\"CJLY1152391\" aria-label=\"Wybierz opcje dla &quot;Lexie | Women&#039;s Chiffon Floral Dress&quot;\" rel=\"nofollow\" data-no-translation=\"\" data-trp-gettext=\"\" data-no-translation-aria-label=\"\">Wybierz opcje<\/a>\t<span id=\"woocommerce_loop_add_to_cart_link_describedby_5372\" class=\"screen-reader-text\">\n\t\tTen produkt ma wiele wariant\u00f3w. Opcje mo\u017cna wybra\u0107 na stronie produktu\t<\/span>\n<\/li>\n<li class=\"product type-product post-5405 status-publish last instock product_cat-womens-fashion has-post-thumbnail taxable shipping-taxable purchasable product-type-variable\">\n\t<a href=\"https:\/\/hexibella.de\/pl\/product\/damska-sukienka-letnia-w-kwiaty\/\" class=\"woocommerce-LoopProduct-link woocommerce-loop-product__link\"><img decoding=\"async\" width=\"300\" height=\"300\" src=\"https:\/\/hexibella.de\/wp-content\/uploads\/2025\/06\/2e51e1a0-a4cf-41a0-b1f0-c6664409c1be-300x300.jpg\" class=\"attachment-woocommerce_thumbnail size-woocommerce_thumbnail\" alt=\"Kwiatowa letnia sukienka damska Liz |\" srcset=\"https:\/\/hexibella.de\/wp-content\/uploads\/2025\/06\/2e51e1a0-a4cf-41a0-b1f0-c6664409c1be-300x300.jpg 300w, https:\/\/hexibella.de\/wp-content\/uploads\/2025\/06\/2e51e1a0-a4cf-41a0-b1f0-c6664409c1be-150x150.jpg 150w, https:\/\/hexibella.de\/wp-content\/uploads\/2025\/06\/2e51e1a0-a4cf-41a0-b1f0-c6664409c1be-768x768.jpg 768w, https:\/\/hexibella.de\/wp-content\/uploads\/2025\/06\/2e51e1a0-a4cf-41a0-b1f0-c6664409c1be-12x12.jpg 12w, https:\/\/hexibella.de\/wp-content\/uploads\/2025\/06\/2e51e1a0-a4cf-41a0-b1f0-c6664409c1be-80x80.jpg 80w, https:\/\/hexibella.de\/wp-content\/uploads\/2025\/06\/2e51e1a0-a4cf-41a0-b1f0-c6664409c1be.jpg 800w\" sizes=\"(max-width: 300px) 100vw, 300px\" \/><h2 class=\"woocommerce-loop-product__title\">Liz | Kwiatowa letnia sukienka damska<\/h2>\n\t<span class=\"price\"><span class=\"woocommerce-Price-amount amount\"><bdi><span class=\"woocommerce-Price-currencySymbol\">USD $<\/span>64<\/bdi><\/span><\/span>\n<\/a><a href=\"https:\/\/hexibella.de\/pl\/product\/damska-sukienka-letnia-w-kwiaty\/\" aria-describedby=\"woocommerce_loop_add_to_cart_link_describedby_5405\" data-quantity=\"1\" class=\"button product_type_variable add_to_cart_button\" data-product_id=\"5405\" data-product_sku=\"CJLY1977151\" aria-label=\"Wybierz opcje dla &quot;Liz | Women&#039;s Floral Summer Dress&quot;\" rel=\"nofollow\" data-no-translation=\"\" data-trp-gettext=\"\" data-no-translation-aria-label=\"\">Wybierz opcje<\/a>\t<span id=\"woocommerce_loop_add_to_cart_link_describedby_5405\" class=\"screen-reader-text\">\n\t\tTen produkt ma wiele wariant\u00f3w. Opcje mo\u017cna wybra\u0107 na stronie produktu\t<\/span>\n<\/li>\n<\/ul>\n<\/div>\n<\/div>\n<\/div>\n\n\n\n<div style=\"height:5px\" aria-hidden=\"true\" class=\"wp-block-spacer\"><\/div>\n\n\n\n<div class=\"wp-block-uagb-advanced-heading uagb-block-4a7ffbf4\"><h2 class=\"uagb-heading-text\">Cz\u0119sto zadawane pytania<\/h2><\/div>\n\n\n<div class=\"wp-block-uagb-faq uagb-faq__outer-wrap uagb-block-edb52445 uagb-faq-icon-row uagb-faq-layout-accordion uagb-faq-expand-first-false uagb-faq-inactive-other-true uagb-faq__wrap uagb-buttons-layout-wrap uagb-faq-equal-height\" data-faqtoggle=\"true\" role=\"tablist\"><div class=\"wp-block-uagb-faq-child uagb-faq-child__outer-wrap uagb-faq-item uagb-block-898a77c6\" role=\"tab\" tabindex=\"0\"><div class=\"uagb-faq-questions-button uagb-faq-questions\">\t\t\t<span class=\"uagb-icon uagb-faq-icon-wrap\">\n\t\t\t\t\t\t\t\t<svg xmlns=\"https:\/\/www.w3.org\/2000\/svg\" viewbox= \"0 0 448 512\"><path d=\"M432 256c0 17.69-14.33 32.01-32 32.01H256v144c0 17.69-14.33 31.99-32 31.99s-32-14.3-32-31.99v-144H48c-17.67 0-32-14.32-32-32.01s14.33-31.99 32-31.99H192v-144c0-17.69 14.33-32.01 32-32.01s32 14.32 32 32.01v144h144C417.7 224 432 238.3 432 256z\"><\/path><\/svg>\n\t\t\t\t\t\t\t<\/span>\n\t\t\t\t\t\t<span class=\"uagb-icon-active uagb-faq-icon-wrap\">\n\t\t\t\t\t\t\t\t<svg xmlns=\"https:\/\/www.w3.org\/2000\/svg\" viewbox= \"0 0 448 512\"><path d=\"M400 288h-352c-17.69 0-32-14.32-32-32.01s14.31-31.99 32-31.99h352c17.69 0 32 14.3 32 31.99S417.7 288 400 288z\"><\/path><\/svg>\n\t\t\t\t\t\t\t<\/span>\n\t\t\t<span class=\"uagb-question\">Czy wysy\u0142ka jest bezp\u0142atna? Jak d\u0142ugo to potrwa?<\/span><\/div><div class=\"uagb-faq-content\"><p>Nasze koszty wysy\u0142ki s\u0105 wliczone w cen\u0119, a wysy\u0142ka trwa 5-9 dni roboczych do wi\u0119kszo\u015bci kraj\u00f3w \u015bwiata. <\/p><\/div><\/div><div class=\"wp-block-uagb-faq-child uagb-faq-child__outer-wrap uagb-faq-item uagb-block-6349a889\" role=\"tab\" tabindex=\"0\"><div class=\"uagb-faq-questions-button uagb-faq-questions\">\t\t\t<span class=\"uagb-icon uagb-faq-icon-wrap\">\n\t\t\t\t\t\t\t\t<svg xmlns=\"https:\/\/www.w3.org\/2000\/svg\" viewbox= \"0 0 448 512\"><path d=\"M432 256c0 17.69-14.33 32.01-32 32.01H256v144c0 17.69-14.33 31.99-32 31.99s-32-14.3-32-31.99v-144H48c-17.67 0-32-14.32-32-32.01s14.33-31.99 32-31.99H192v-144c0-17.69 14.33-32.01 32-32.01s32 14.32 32 32.01v144h144C417.7 224 432 238.3 432 256z\"><\/path><\/svg>\n\t\t\t\t\t\t\t<\/span>\n\t\t\t\t\t\t<span class=\"uagb-icon-active uagb-faq-icon-wrap\">\n\t\t\t\t\t\t\t\t<svg xmlns=\"https:\/\/www.w3.org\/2000\/svg\" viewbox= \"0 0 448 512\"><path d=\"M400 288h-352c-17.69 0-32-14.32-32-32.01s14.31-31.99 32-31.99h352c17.69 0 32 14.3 32 31.99S417.7 288 400 288z\"><\/path><\/svg>\n\t\t\t\t\t\t\t<\/span>\n\t\t\t<span class=\"uagb-question\">Czy masz gwarancj\u0119 zwrotu pieni\u0119dzy?<\/span><\/div><div class=\"uagb-faq-content\"><p>Tak! Oferujemy bezp\u0142atne zwroty przez 30 dni dla wszystkich zam\u00f3wie\u0144.<\/p><\/div><\/div><div class=\"wp-block-uagb-faq-child uagb-faq-child__outer-wrap uagb-faq-item uagb-block-8e3db11c\" role=\"tab\" tabindex=\"0\"><div class=\"uagb-faq-questions-button uagb-faq-questions\">\t\t\t<span class=\"uagb-icon uagb-faq-icon-wrap\">\n\t\t\t\t\t\t\t\t<svg xmlns=\"https:\/\/www.w3.org\/2000\/svg\" viewbox= \"0 0 448 512\"><path d=\"M432 256c0 17.69-14.33 32.01-32 32.01H256v144c0 17.69-14.33 31.99-32 31.99s-32-14.3-32-31.99v-144H48c-17.67 0-32-14.32-32-32.01s14.33-31.99 32-31.99H192v-144c0-17.69 14.33-32.01 32-32.01s32 14.32 32 32.01v144h144C417.7 224 432 238.3 432 256z\"><\/path><\/svg>\n\t\t\t\t\t\t\t<\/span>\n\t\t\t\t\t\t<span class=\"uagb-icon-active uagb-faq-icon-wrap\">\n\t\t\t\t\t\t\t\t<svg xmlns=\"https:\/\/www.w3.org\/2000\/svg\" viewbox= \"0 0 448 512\"><path d=\"M400 288h-352c-17.69 0-32-14.32-32-32.01s14.31-31.99 32-31.99h352c17.69 0 32 14.3 32 31.99S417.7 288 400 288z\"><\/path><\/svg>\n\t\t\t\t\t\t\t<\/span>\n\t\t\t<span class=\"uagb-question\">Czy moje dane dotycz\u0105ce p\u0142atno\u015bci s\u0105 bezpieczne?<\/span><\/div><div class=\"uagb-faq-content\"><p>Informacje o p\u0142atno\u015bciach s\u0105 w pe\u0142ni zaszyfrowane i bezpieczne. U\u017cywamy Stripe i PayPal do przetwarzania transakcji, a obie us\u0142ugi wykorzystuj\u0105 zaawansowane techniki szyfrowania, aby zapewni\u0107 bezpiecze\u0144stwo informacji o p\u0142atno\u015bciach.<\/p><\/div><\/div><div class=\"wp-block-uagb-faq-child uagb-faq-child__outer-wrap uagb-faq-item uagb-block-7229b0cf\" role=\"tab\" tabindex=\"0\"><div class=\"uagb-faq-questions-button uagb-faq-questions\">\t\t\t<span class=\"uagb-icon uagb-faq-icon-wrap\">\n\t\t\t\t\t\t\t\t<svg xmlns=\"https:\/\/www.w3.org\/2000\/svg\" viewbox= \"0 0 448 512\"><path d=\"M432 256c0 17.69-14.33 32.01-32 32.01H256v144c0 17.69-14.33 31.99-32 31.99s-32-14.3-32-31.99v-144H48c-17.67 0-32-14.32-32-32.01s14.33-31.99 32-31.99H192v-144c0-17.69 14.33-32.01 32-32.01s32 14.32 32 32.01v144h144C417.7 224 432 238.3 432 256z\"><\/path><\/svg>\n\t\t\t\t\t\t\t<\/span>\n\t\t\t\t\t\t<span class=\"uagb-icon-active uagb-faq-icon-wrap\">\n\t\t\t\t\t\t\t\t<svg xmlns=\"https:\/\/www.w3.org\/2000\/svg\" viewbox= \"0 0 448 512\"><path d=\"M400 288h-352c-17.69 0-32-14.32-32-32.01s14.31-31.99 32-31.99h352c17.69 0 32 14.3 32 31.99S417.7 288 400 288z\"><\/path><\/svg>\n\t\t\t\t\t\t\t<\/span>\n\t\t\t<span class=\"uagb-question\">Czy mog\u0119 \u015bledzi\u0107 moje zam\u00f3wienie?<\/span><\/div><div class=\"uagb-faq-content\"><p>Tak. Po wys\u0142aniu zam\u00f3wienia wy\u015blemy wiadomo\u015b\u0107 e-mail z aktualizacj\u0105 statusu zam\u00f3wienia i numerem \u015bledzenia.<\/p><\/div><\/div><\/div>","protected":false},"excerpt":{"rendered":"<p style=\"margin-bottom: 19px; margin-top: 0px; padding-top:0px; font-size:16px;\">\n<br \/>\n<svg xmlns=\"https:\/\/hexibella.com\/\/www.hexibella.com\/wp-content\/uploads\/2024\/11\/icons8-checkmark.svg\" x=\"0px\" y=\"0px\" width=\"20\" height=\"20\" style=\"vertical-align: -0.33em\" viewbox=\"0 0 64 64\">\n<path d=\"M32,6C17.641,6,6,17.641,6,32c0,14.359,11.641,26,26,26s26-11.641,26-26C58,17.641,46.359,6,32,6z M29,42L18,31l2-3l9,6 l13.957-12L46,25L29,42z\"><\/path>\n<\/svg> Szybka dostawa <br \/>\n<svg xmlns=\"https:\/\/hexibella.com\/\/www.hexibella.com\/wp-content\/uploads\/2024\/11\/icons8-checkmark.svg\" x=\"0px\" y=\"0px\" width=\"20\" height=\"20\" style=\"vertical-align: -0.33em\" viewbox=\"0 0 64 64\">\n<path d=\"M32,6C17.641,6,6,17.641,6,32c0,14.359,11.641,26,26,26s26-11.641,26-26C58,17.641,46.359,6,32,6z M29,42L18,31l2-3l9,6 l13.957-12L46,25L29,42z\"><\/path>\n<\/svg> Kupuj wi\u0119cej, oszcz\u0119dzaj wi\u0119cej <br \/>\n<svg xmlns=\"https:\/\/hexibella.com\/\/www.hexibella.com\/wp-content\/uploads\/2024\/11\/icons8-checkmark.svg\" x=\"0px\" y=\"0px\" width=\"20\" height=\"20\" style=\"vertical-align: -0.33em\" viewbox=\"0 0 64 64\">\n<path d=\"M32,6C17.641,6,6,17.641,6,32c0,14.359,11.641,26,26,26s26-11.641,26-26C58,17.641,46.359,6,32,6z M29,42L18,31l2-3l9,6 l13.957-12L46,25L29,42z\"><\/path>\n<\/svg> Bezp\u0142atne zwroty przez 30 dni <br \/>\n<svg xmlns=\"https:\/\/hexibella.com\/\/www.hexibella.com\/wp-content\/uploads\/2024\/11\/icons8-checkmark.svg\" x=\"0px\" y=\"0px\" width=\"20\" height=\"20\" style=\"vertical-align: -0.33em\" viewbox=\"0 0 64 64\">\n<path d=\"M32,6C17.641,6,6,17.641,6,32c0,14.359,11.641,26,26,26s26-11.641,26-26C58,17.641,46.359,6,32,6z M29,42L18,31l2-3l9,6 l13.957-12L46,25L29,42z\"><\/path>\n<\/svg> Cena zawiera podatki i koszty wysy\u0142ki <\/p>\n<p><\/p>","protected":false},"featured_media":9402,"template":"","meta":{"_acf_changed":false,"bwfblock_default_font":"","_uag_custom_page_level_css":""},"product_brand":[],"product_cat":[148],"product_tag":[],"class_list":{"0":"post-9252","1":"product","2":"type-product","3":"status-publish","4":"has-post-thumbnail","6":"product_cat-womens-fashion","8":"first","9":"instock","10":"taxable","11":"shipping-taxable","12":"purchasable","13":"product-type-variable","14":"has-default-attributes"},"acf":[],"uagb_featured_image_src":{"full":["https:\/\/hexibella.de\/wp-content\/uploads\/2026\/02\/he72ibella.webp",1000,1000,false],"thumbnail":["https:\/\/hexibella.de\/wp-content\/uploads\/2026\/02\/he72ibella-150x150.webp",150,150,true],"medium":["https:\/\/hexibella.de\/wp-content\/uploads\/2026\/02\/he72ibella-300x300.webp",300,300,true],"medium_large":["https:\/\/hexibella.de\/wp-content\/uploads\/2026\/02\/he72ibella-768x768.webp",768,768,true],"large":["https:\/\/hexibella.de\/wp-content\/uploads\/2026\/02\/he72ibella.webp",1000,1000,false],"1536x1536":["https:\/\/hexibella.de\/wp-content\/uploads\/2026\/02\/he72ibella.webp",1000,1000,false],"2048x2048":["https:\/\/hexibella.de\/wp-content\/uploads\/2026\/02\/he72ibella.webp",1000,1000,false],"trp-custom-language-flag":["https:\/\/hexibella.de\/wp-content\/uploads\/2026\/02\/he72ibella-12x12.webp",12,12,true],"woocommerce_archive_thumbnail":["https:\/\/hexibella.de\/wp-content\/uploads\/2026\/02\/he72ibella-300x300.webp",300,300,true],"woocommerce_thumbnail":["https:\/\/hexibella.de\/wp-content\/uploads\/2026\/02\/he72ibella-300x300.webp",300,300,true],"woocommerce_single":["https:\/\/hexibella.de\/wp-content\/uploads\/2026\/02\/he72ibella-800x800.webp",800,800,true],"woocommerce_gallery_thumbnail":["https:\/\/hexibella.de\/wp-content\/uploads\/2026\/02\/he72ibella-80x80.webp",80,80,true]},"uagb_author_info":{"display_name":"admin","author_link":"https:\/\/hexibella.de\/pl\/author\/"},"uagb_comment_info":0,"uagb_excerpt":"Fast Delivery Buy More, Save More Free Returns For 30 Days Price Includes Taxes And Shipping Costs","_links":{"self":[{"href":"https:\/\/hexibella.de\/pl\/wp-json\/wp\/v2\/product\/9252","targetHints":{"allow":["GET"]}}],"collection":[{"href":"https:\/\/hexibella.de\/pl\/wp-json\/wp\/v2\/product"}],"about":[{"href":"https:\/\/hexibella.de\/pl\/wp-json\/wp\/v2\/types\/product"}],"wp:featuredmedia":[{"embeddable":true,"href":"https:\/\/hexibella.de\/pl\/wp-json\/wp\/v2\/media\/9402"}],"wp:attachment":[{"href":"https:\/\/hexibella.de\/pl\/wp-json\/wp\/v2\/media?parent=9252"}],"wp:term":[{"taxonomy":"product_brand","embeddable":true,"href":"https:\/\/hexibella.de\/pl\/wp-json\/wp\/v2\/product_brand?post=9252"},{"taxonomy":"product_cat","embeddable":true,"href":"https:\/\/hexibella.de\/pl\/wp-json\/wp\/v2\/product_cat?post=9252"},{"taxonomy":"product_tag","embeddable":true,"href":"https:\/\/hexibella.de\/pl\/wp-json\/wp\/v2\/product_tag?post=9252"}],"curies":[{"name":"wp","href":"https:\/\/api.w.org\/{rel}","templated":true}]}}