{"id":10,"date":"2024-10-23T14:29:35","date_gmt":"2024-10-23T21:29:35","guid":{"rendered":"https:\/\/ashleetxads.org\/?page_id=10"},"modified":"2026-03-29T07:45:29","modified_gmt":"2026-03-29T11:45:29","slug":"home","status":"publish","type":"page","link":"https:\/\/hexibella.de\/pt\/?page_id=40","title":{"rendered":"In\u00edcio"},"content":{"rendered":"<style class=\"wpcode-css-snippet\">div.hero-section.is-width-constrained {\r\n\tdisplay:none !important;\r\n}\r\n\r\ndiv.ct-container-full {\r\npadding-top:0px !important;\r\nmargin-top:0px !important;\r\n}\r\n\r\ndiv.blocksy-woo-messages-default.woocommerce-notices-wrapper{\r\n\t\tdisplay:none !important;\r\n}<\/style>\n\n\n\n<div class=\"wp-block-uagb-container uagb-block-oeq4519p alignfull uagb-is-root-container\"><div class=\"uagb-container-inner-blocks-wrap\">\n<div class=\"wp-block-uagb-info-box uagb-block-iknn4edd uagb-infobox__content-wrap  uagb-infobox-icon-above-title uagb-infobox-image-valign-top\"><div class=\"uagb-ifb-content\"><div class=\"uagb-ifb-title-wrap\"><p class=\"uagb-ifb-title-prefix\">Desbloquear possibilidades<\/p><h1 class=\"uagb-ifb-title\">Hexibella - Sa\u00fade e Beleza<\/h1><\/div><p class=\"uagb-ifb-desc\">Nosso mundo \u00e9 uma tela para que suas ideias mais loucas ganhem vida. Entre em um mundo onde a sa\u00fade e a beleza s\u00e3o a express\u00e3o de si mesmo.<\/p><\/div><\/div>\n\n\n\n<div class=\"wp-block-uagb-buttons uagb-buttons__outer-wrap uagb-btn__default-btn uagb-btn-tablet__default-btn uagb-btn-mobile__default-btn uagb-block-72njyydx\"><div class=\"uagb-buttons__wrap uagb-buttons-layout-wrap\">\n<div class=\"wp-block-uagb-buttons-child uagb-buttons__outer-wrap uagb-block-oijirkrz wp-block-button\"><div class=\"uagb-button__wrapper\"><a class=\"uagb-buttons-repeater wp-block-button__link\" aria-label=\"\" href=\"https:\/\/hexibella.com\/category\/womens-fashion\/\" rel=\"follow noopener\" target=\"_self\" role=\"button\"><div class=\"uagb-button__link\">COMPRE AGORA<\/div><\/a><\/div><\/div>\n<\/div><\/div>\n<\/div><\/div>\n\n\n\n<div class=\"wp-block-uagb-info-box uagb-block-yzno4bod uagb-infobox__content-wrap  uagb-infobox-icon-above-title uagb-infobox-image-valign-top\"><div class=\"uagb-ifb-content\"><div class=\"uagb-ifb-title-wrap\"><h2 class=\"uagb-ifb-title\">Chegadas mais recentes<\/h2><\/div><p class=\"uagb-ifb-desc\">Compre os produtos mais recentes!<\/p><\/div><\/div>\n\n\n\n<div class=\"wp-block-uagb-container uagb-block-qt6hwea9 alignfull uagb-is-root-container\">\n<div class=\"wp-block-uagb-container uagb-block-tcm3odd7\"><div class=\"woocommerce\"><ul class=\"products columns-3\" data-products=\"type-1\">\n<li class=\"product type-product post-9861 status-publish first instock product_cat-health has-post-thumbnail sale taxable shipping-taxable purchasable product-type-simple\">\n\t<a href=\"https:\/\/hexibella.de\/pt\/product\/conjunto-de-placas-vibratorias\/\" class=\"woocommerce-LoopProduct-link woocommerce-loop-product__link\">\n\t<span class=\"onsale\" data-shape=\"type-1\">OFERTA<\/span>\n\t<img decoding=\"async\" width=\"300\" height=\"300\" src=\"https:\/\/hexibella.de\/wp-content\/uploads\/2026\/03\/vibe-016-300x300.webp\" class=\"attachment-woocommerce_thumbnail size-woocommerce_thumbnail\" alt=\"Conjunto de placas vibrat\u00f3rias\" srcset=\"https:\/\/hexibella.de\/wp-content\/uploads\/2026\/03\/vibe-016-300x300.webp 300w, https:\/\/hexibella.de\/wp-content\/uploads\/2026\/03\/vibe-016-150x150.webp 150w, https:\/\/hexibella.de\/wp-content\/uploads\/2026\/03\/vibe-016-768x768.webp 768w, https:\/\/hexibella.de\/wp-content\/uploads\/2026\/03\/vibe-016-12x12.webp 12w, https:\/\/hexibella.de\/wp-content\/uploads\/2026\/03\/vibe-016-800x800.webp 800w, https:\/\/hexibella.de\/wp-content\/uploads\/2026\/03\/vibe-016-80x80.webp 80w, https:\/\/hexibella.de\/wp-content\/uploads\/2026\/03\/vibe-016.webp 1000w\" sizes=\"(max-width: 300px) 100vw, 300px\" \/><h2 class=\"woocommerce-loop-product__title\">Conjunto de placas vibrat\u00f3rias<\/h2>\n\t<span class=\"price\"><span class=\"sale-price\"><del aria-hidden=\"true\"><span class=\"woocommerce-Price-amount amount\"><bdi><span class=\"woocommerce-Price-currencySymbol\">USD $<\/span>330<\/bdi><\/span><\/del> <span class=\"screen-reader-text\" data-no-translation=\"\" data-trp-gettext=\"\">O pre\u00e7o original era: USD $330.<\/span><ins aria-hidden=\"true\"><span class=\"woocommerce-Price-amount amount\"><bdi><span class=\"woocommerce-Price-currencySymbol\">USD $<\/span>199<\/bdi><\/span><\/ins><span class=\"screen-reader-text\" data-no-translation=\"\" data-trp-gettext=\"\">O pre\u00e7o atual \u00e9: USD $199.<\/span><\/span><\/span>\n<\/a><a href=\"\/pt\/wp-json\/wp\/v2\/pages\/10?add-to-cart=9861\" aria-describedby=\"woocommerce_loop_add_to_cart_link_describedby_9861\" data-quantity=\"1\" class=\"button product_type_simple add_to_cart_button ajax_add_to_cart\" data-product_id=\"9861\" data-product_sku=\"CJFU27359840001\" aria-label=\"Adicione ao carrinho: \u201cVibration Plate Set\u201d\" rel=\"nofollow\" data-success_message=\"\u201cVibration Plate Set\u201d foi adicionado ao seu carrinho\" role=\"button\" data-no-translation=\"\" data-trp-gettext=\"\" data-no-translation-aria-label=\"\" data-no-translation-data-success_message=\"\">Adicionar ao carrinho<\/a>\t<span id=\"woocommerce_loop_add_to_cart_link_describedby_9861\" class=\"screen-reader-text\">\n\t\t\t<\/span>\n<\/li>\n<\/ul>\n<\/div>\n<\/div>\n<\/div>\n\n\n\n<div class=\"wp-block-uagb-container uagb-block-ycbcospq alignfull uagb-is-root-container\"><div class=\"uagb-container-inner-blocks-wrap\">\n<div class=\"wp-block-uagb-info-box uagb-block-2zwetssz uagb-infobox__content-wrap  uagb-infobox-icon-above-title uagb-infobox-image-valign-top\"><div class=\"uagb-ifb-content\"><div class=\"uagb-ifb-title-wrap\"><h2 class=\"uagb-ifb-title\">Sobre a Hexibella<\/h2><\/div><p class=\"uagb-ifb-desc\">Na Hexibella, nossa vis\u00e3o \u00e9 reimaginar a sa\u00fade e a beleza como formas de autoexpress\u00e3o, oferecendo produtos incr\u00edveis que refletem a personalidade de nossos clientes. N\u00f3s nos dedicamos a inspirar autoconfian\u00e7a por meio de produtos cosm\u00e9ticos e de sa\u00fade arrojados.<br><br>- <strong>CEO da Hexibella<\/strong><br><\/p><\/div><\/div>\n\n\n\n<div class=\"wp-block-uagb-image alignleft uagb-block-3qqlt31s wp-block-uagb-image--layout-default wp-block-uagb-image--effect-static wp-block-uagb-image--align-left\"><figure class=\"wp-block-uagb-image__figure\"><img decoding=\"async\" srcset=\"https:\/\/hexibella.com\/wp-content\/uploads\/2026\/03\/medical-team-in-operating-room-performing-surgery-under-professional-lighting.-36111945-683x1024.jpg ,https:\/\/hexibella.com\/wp-content\/uploads\/2026\/03\/medical-team-in-operating-room-performing-surgery-under-professional-lighting.-36111945-scaled.jpg 780w, https:\/\/hexibella.com\/wp-content\/uploads\/2026\/03\/medical-team-in-operating-room-performing-surgery-under-professional-lighting.-36111945-scaled.jpg 360w\" sizes=\"auto, (max-width: 480px) 150px\" src=\"https:\/\/hexibella.com\/wp-content\/uploads\/2026\/03\/medical-team-in-operating-room-performing-surgery-under-professional-lighting.-36111945-683x1024.jpg\" alt=\"Equipe m\u00e9dica na sala de cirurgia realizando uma cirurgia sob ilumina\u00e7\u00e3o profissional.\" class=\"uag-image-9947\" width=\"564\" height=\"450\" title=\"Foto de Alexander Mass\" loading=\"lazy\" role=\"img\"\/><\/figure><\/div>\n<\/div><\/div>\n\n\n\n<div class=\"wp-block-uagb-container uagb-block-g5yyuncp alignfull uagb-is-root-container\"><div class=\"uagb-container-inner-blocks-wrap\">\n<div class=\"wp-block-uagb-info-box uagb-block-txndopju uagb-infobox__content-wrap  uagb-infobox-icon-above-title uagb-infobox-image-valign-top\"><div class=\"uagb-ifb-content\"><div class=\"uagb-ifb-title-wrap\"><p class=\"uagb-ifb-title-prefix\">Fique conectado conosco<\/p><h2 class=\"uagb-ifb-title\">Vamos criar juntos<\/h2><\/div><p class=\"uagb-ifb-desc\">Entre em contato conosco para explorar como podemos transformar sua vis\u00e3o em realidade.<\/p><\/div><\/div>\n\n\n\n<div class=\"wp-block-uagb-buttons uagb-buttons__outer-wrap uagb-btn__default-btn uagb-btn-tablet__default-btn uagb-btn-mobile__default-btn uagb-block-bpuwmdkh\"><div class=\"uagb-buttons__wrap uagb-buttons-layout-wrap\">\n<div class=\"wp-block-uagb-buttons-child uagb-buttons__outer-wrap uagb-block-0ij9cu6z wp-block-button\"><div class=\"uagb-button__wrapper\"><a class=\"uagb-buttons-repeater wp-block-button__link\" aria-label=\"\" href=\"https:\/\/hexibella.com\/contact-us\/\" rel=\"follow noopener\" target=\"_self\" role=\"button\"><div class=\"uagb-button__link\">ENTRE EM CONTATO CONOSCO<\/div><\/a><\/div><\/div>\n<\/div><\/div>\n<\/div><\/div>","protected":false},"excerpt":{"rendered":"","protected":false},"author":1,"featured_media":0,"parent":0,"menu_order":15,"comment_status":"closed","ping_status":"closed","template":"","meta":{"_acf_changed":false,"bwfblock_default_font":"","_uag_custom_page_level_css":"","footnotes":""},"class_list":["post-10","page","type-page","status-publish","hentry"],"blocksy_meta":{"has_hero_section":"disabled","styles_descriptor":{"styles":{"desktop":"","tablet":"","mobile":""},"google_fonts":[],"version":6}},"acf":[],"uagb_featured_image_src":{"full":false,"thumbnail":false,"medium":false,"medium_large":false,"large":false,"1536x1536":false,"2048x2048":false,"trp-custom-language-flag":false,"woocommerce_archive_thumbnail":false,"woocommerce_thumbnail":false,"woocommerce_single":false,"woocommerce_gallery_thumbnail":false},"uagb_author_info":{"display_name":"admin","author_link":"https:\/\/hexibella.de\/pt\/author\/admin_v6jhkhci\/"},"uagb_comment_info":0,"uagb_excerpt":null,"_links":{"self":[{"href":"https:\/\/hexibella.de\/pt\/wp-json\/wp\/v2\/pages\/10","targetHints":{"allow":["GET"]}}],"collection":[{"href":"https:\/\/hexibella.de\/pt\/wp-json\/wp\/v2\/pages"}],"about":[{"href":"https:\/\/hexibella.de\/pt\/wp-json\/wp\/v2\/types\/page"}],"author":[{"embeddable":true,"href":"https:\/\/hexibella.de\/pt\/wp-json\/wp\/v2\/users\/1"}],"replies":[{"embeddable":true,"href":"https:\/\/hexibella.de\/pt\/wp-json\/wp\/v2\/comments?post=10"}],"version-history":[{"count":6,"href":"https:\/\/hexibella.de\/pt\/wp-json\/wp\/v2\/pages\/10\/revisions"}],"predecessor-version":[{"id":9953,"href":"https:\/\/hexibella.de\/pt\/wp-json\/wp\/v2\/pages\/10\/revisions\/9953"}],"wp:attachment":[{"href":"https:\/\/hexibella.de\/pt\/wp-json\/wp\/v2\/media?parent=10"}],"curies":[{"name":"wp","href":"https:\/\/api.w.org\/{rel}","templated":true}]}}