{"id":101,"date":"2024-11-08T14:46:12","date_gmt":"2024-11-08T21:46:12","guid":{"rendered":"https:\/\/hexibella.com\/?page_id=101"},"modified":"2025-01-22T13:57:34","modified_gmt":"2025-01-22T20:57:34","slug":"sobre-nos","status":"publish","type":"page","link":"https:\/\/hexibella.de\/pt\/sobre-nos\/","title":{"rendered":"Sobre n\u00f3s"},"content":{"rendered":"<p><strong>Hexibella: Onde a beleza e a moda se unem<\/strong><\/p>\n\n\n\n<p>Bem-vindo \u00e0 Hexibella, o destino definitivo onde moda e beleza se encontram com a inova\u00e7\u00e3o. Somos uma marca apaixonada e com vis\u00e3o de futuro, dedicada a capacitar as pessoas a se sentirem confiantes, radiantes e sem remorso. Na Hexibella, acreditamos que a beleza e a moda v\u00e3o al\u00e9m da est\u00e9tica - elas t\u00eam a ver com a autoexpress\u00e3o, o amor pr\u00f3prio e a celebra\u00e7\u00e3o de sua ess\u00eancia \u00fanica.<\/p>\n\n\n\n<p><strong>Nossa miss\u00e3o<\/strong><\/p>\n\n\n\n<p>Na Hexibella, nossa miss\u00e3o \u00e9 fornecer produtos de moda e beleza excepcionais que permitam que voc\u00ea se expresse com confian\u00e7a. Temos o compromisso de oferecer solu\u00e7\u00f5es inovadoras, inclusivas e de alta qualidade. Imaginamos um mundo em que a beleza e a moda sejam ferramentas poderosas para o autocuidado, a criatividade e a celebra\u00e7\u00e3o de si mesmo.<\/p>\n\n\n\n<p><strong>Por que escolher a Hexibella?<\/strong><\/p>\n\n\n\n<ul class=\"wp-block-list\">\n<li><strong>Qualidade em que voc\u00ea pode confiar:<\/strong> Nossos produtos de moda e beleza s\u00e3o rigorosamente elaborados e testados para atender aos mais altos padr\u00f5es, garantindo que voc\u00ea sempre se sinta no seu melhor.<\/li>\n\n\n\n<li><strong>Inclusividade no cora\u00e7\u00e3o:<\/strong> Celebramos a diversidade com uma ampla variedade de estilos, tons e tamanhos, porque todos merecem se sentir bonitos e na moda.<\/li>\n\n\n\n<li><strong>Inova\u00e7\u00e3o:<\/strong> Nossos produtos s\u00e3o projetados usando os mais recentes avan\u00e7os em moda e beleza, garantindo que voc\u00ea esteja sempre \u00e0 frente das tend\u00eancias.<\/li>\n<\/ul>\n\n\n\n<p><strong>Junte-se \u00e0 fam\u00edlia Hexibella<\/strong><\/p>\n\n\n\n<p>Entre em uma comunidade que celebra a individualidade e a radi\u00e2ncia. Se voc\u00ea est\u00e1 procurando a roupa perfeita, o produto cosm\u00e9tico ideal ou apenas inspira\u00e7\u00e3o, a Hexibella est\u00e1 aqui para apoi\u00e1-la em sua jornada de beleza e moda. Vamos redefinir o estilo e o autocuidado juntos.<\/p>\n\n\n\n<p><strong>Descubra seu brilho. Abrace seu estilo. Bem-vindo \u00e0 Hexibella.<\/strong><\/p>\n\n\n\n<p><strong>ENTRE EM CONTATO CONOSCO<\/strong><\/p>\n\n\n\n<p><strong>Nome da empresa<\/strong>: Hexibella<\/p>\n\n\n\n<p><strong>N\u00famero de telefone<\/strong>: +1 (213)-477-3615<\/p>\n\n\n\n<p><strong>E-mail<\/strong>: support@hexibella.com<\/p>\n\n\n\n<p><strong>Endere\u00e7o<\/strong>: 10250 Santa Monica Blvd, Los Angeles, CA 90067, Estados Unidos<\/p>\n\n\n\n<p><strong>Hor\u00e1rio de funcionamento<\/strong>: 9am EST - 5pm EST (segunda a sexta-feira)<\/p>","protected":false},"excerpt":{"rendered":"<p>Hexibella: Where Beauty and Fashion Unite Welcome to Hexibella, the ultimate destination where fashion and beauty meet innovation. We are a passionate and forward-thinking brand dedicated to empowering individuals to feel confident, radiant, and unapologetically themselves. At Hexibella, we believe beauty and fashion go beyond aesthetics\u2014they&#8217;re about self-expression, self-love, and celebrating your unique essence. Our [&hellip;]<\/p>\n","protected":false},"author":1,"featured_media":0,"parent":0,"menu_order":21,"comment_status":"closed","ping_status":"closed","template":"","meta":{"_acf_changed":false,"bwfblock_default_font":"","_uag_custom_page_level_css":"","footnotes":""},"class_list":["post-101","page","type-page","status-publish","hentry"],"blocksy_meta":[],"acf":[],"uagb_featured_image_src":{"full":false,"thumbnail":false,"medium":false,"medium_large":false,"large":false,"1536x1536":false,"2048x2048":false,"trp-custom-language-flag":false,"woocommerce_archive_thumbnail":false,"woocommerce_thumbnail":false,"woocommerce_single":false,"woocommerce_gallery_thumbnail":false},"uagb_author_info":{"display_name":"admin","author_link":"https:\/\/hexibella.de\/pt\/author\/admin_v6jhkhci\/"},"uagb_comment_info":0,"uagb_excerpt":"Hexibella: Where Beauty and Fashion Unite Welcome to Hexibella, the ultimate destination where fashion and beauty meet innovation. We are a passionate and forward-thinking brand dedicated to empowering individuals to feel confident, radiant, and unapologetically themselves. At Hexibella, we believe beauty and fashion go beyond aesthetics\u2014they&#8217;re about self-expression, self-love, and celebrating your unique essence. Our&hellip;","_links":{"self":[{"href":"https:\/\/hexibella.de\/pt\/wp-json\/wp\/v2\/pages\/101","targetHints":{"allow":["GET"]}}],"collection":[{"href":"https:\/\/hexibella.de\/pt\/wp-json\/wp\/v2\/pages"}],"about":[{"href":"https:\/\/hexibella.de\/pt\/wp-json\/wp\/v2\/types\/page"}],"author":[{"embeddable":true,"href":"https:\/\/hexibella.de\/pt\/wp-json\/wp\/v2\/users\/1"}],"replies":[{"embeddable":true,"href":"https:\/\/hexibella.de\/pt\/wp-json\/wp\/v2\/comments?post=101"}],"version-history":[{"count":0,"href":"https:\/\/hexibella.de\/pt\/wp-json\/wp\/v2\/pages\/101\/revisions"}],"wp:attachment":[{"href":"https:\/\/hexibella.de\/pt\/wp-json\/wp\/v2\/media?parent=101"}],"curies":[{"name":"wp","href":"https:\/\/api.w.org\/{rel}","templated":true}]}}