{"id":106,"date":"2024-11-08T15:46:10","date_gmt":"2024-11-08T22:46:10","guid":{"rendered":"https:\/\/hexibella.com\/?page_id=106"},"modified":"2025-01-21T23:30:51","modified_gmt":"2025-01-22T06:30:51","slug":"politica-de-pagamento","status":"publish","type":"page","link":"https:\/\/hexibella.de\/pt\/politica-de-pagamento\/","title":{"rendered":"Pol\u00edtica de pagamento"},"content":{"rendered":"<p>Na Hexibella, nosso objetivo \u00e9 proporcionar uma experi\u00eancia de compra segura e sem interrup\u00e7\u00f5es. Para garantir a conveni\u00eancia de todos os clientes, aceitamos os seguintes m\u00e9todos de pagamento:<\/p>\n\n\n\n<p><strong>Cart\u00e3o de cr\u00e9dito e d\u00e9bito<\/strong>: Aceitamos todos os principais cart\u00f5es de d\u00e9bito e cr\u00e9dito, incluindo Visa, Mastercard, American Express, Discover, Diner's Club, Cartes Bancaires, JCB, ELO e Union Pay. Todas as transa\u00e7\u00f5es s\u00e3o seguras e criptografadas.<\/p>\n\n\n\n<p><strong>Transfer\u00eancia banc\u00e1ria\/d\u00e9bito direto<\/strong>: Tamb\u00e9m aceitamos os seguintes m\u00e9todos de pagamento: D\u00e9bito Direto SEPA, EPS, Bancontact e IDEAL.&nbsp;<\/p>\n\n\n\n<p><strong>Carteiras<\/strong>: Pague usando carteiras eletr\u00f4nicas populares como Apple Pay, Google Pay e PayPal.<\/p>\n\n\n\n<p>Todas as transa\u00e7\u00f5es de pagamento s\u00e3o processadas por meio de gateways seguros e confi\u00e1veis. N\u00e3o armazenamos suas informa\u00e7\u00f5es de pagamento em nossos servidores. As transa\u00e7\u00f5es s\u00e3o protegidas com criptografia padr\u00e3o do setor para garantir a seguran\u00e7a de seus dados. Depois que o pagamento for processado com sucesso, voc\u00ea receber\u00e1 um e-mail de confirma\u00e7\u00e3o do pedido com os detalhes da compra.<\/p>\n\n\n\n<p>Em caso de d\u00favidas, coment\u00e1rios ou preocupa\u00e7\u00f5es, entre em contato conosco:<\/p>\n\n\n\n<p><strong>Nome da empresa<\/strong>: Hexibella<\/p>\n\n\n\n<p><strong>N\u00famero de telefone<\/strong>: +1 (213)-477-3615<\/p>\n\n\n\n<p><strong>E-mail<\/strong>: support@hexibella.com<\/p>\n\n\n\n<p><strong>Endere\u00e7o<\/strong>: 10250 Santa Monica Blvd, Los Angeles, CA 90067, Estados Unidos<\/p>\n\n\n\n<p><strong>Hor\u00e1rio de funcionamento<\/strong>: 9am EST - 5pm EST (segunda a sexta-feira)<\/p>","protected":false},"excerpt":{"rendered":"<p>At Hexibella, our goal is to provide a seamless and secure shopping experience. To ensure convenience for all customers, we accept the following payment methods: Credit &amp; Debit Card: We accept all major debit &amp; credit cards including Visa, Mastercard, American Express, Discover, Diner\u2019s Club, Cartes Bancaires, JCB, ELO, &amp; Union Pay. All Transactions are [&hellip;]<\/p>\n","protected":false},"author":1,"featured_media":0,"parent":0,"menu_order":2,"comment_status":"closed","ping_status":"closed","template":"","meta":{"_acf_changed":false,"bwfblock_default_font":"","_uag_custom_page_level_css":"","footnotes":""},"class_list":["post-106","page","type-page","status-publish","hentry"],"blocksy_meta":[],"acf":[],"uagb_featured_image_src":{"full":false,"thumbnail":false,"medium":false,"medium_large":false,"large":false,"1536x1536":false,"2048x2048":false,"trp-custom-language-flag":false,"woocommerce_archive_thumbnail":false,"woocommerce_thumbnail":false,"woocommerce_single":false,"woocommerce_gallery_thumbnail":false},"uagb_author_info":{"display_name":"admin","author_link":"https:\/\/hexibella.de\/pt\/author\/admin_v6jhkhci\/"},"uagb_comment_info":0,"uagb_excerpt":"At Hexibella, our goal is to provide a seamless and secure shopping experience. To ensure convenience for all customers, we accept the following payment methods: Credit &amp; Debit Card: We accept all major debit &amp; credit cards including Visa, Mastercard, American Express, Discover, Diner\u2019s Club, Cartes Bancaires, JCB, ELO, &amp; Union Pay. All Transactions are&hellip;","_links":{"self":[{"href":"https:\/\/hexibella.de\/pt\/wp-json\/wp\/v2\/pages\/106","targetHints":{"allow":["GET"]}}],"collection":[{"href":"https:\/\/hexibella.de\/pt\/wp-json\/wp\/v2\/pages"}],"about":[{"href":"https:\/\/hexibella.de\/pt\/wp-json\/wp\/v2\/types\/page"}],"author":[{"embeddable":true,"href":"https:\/\/hexibella.de\/pt\/wp-json\/wp\/v2\/users\/1"}],"replies":[{"embeddable":true,"href":"https:\/\/hexibella.de\/pt\/wp-json\/wp\/v2\/comments?post=106"}],"version-history":[{"count":0,"href":"https:\/\/hexibella.de\/pt\/wp-json\/wp\/v2\/pages\/106\/revisions"}],"wp:attachment":[{"href":"https:\/\/hexibella.de\/pt\/wp-json\/wp\/v2\/media?parent=106"}],"curies":[{"name":"wp","href":"https:\/\/api.w.org\/{rel}","templated":true}]}}